{"id":901,"date":"2023-04-26T16:02:25","date_gmt":"2023-04-26T14:02:25","guid":{"rendered":"https:\/\/octopia.com\/?page_id=901"},"modified":"2026-04-20T17:59:35","modified_gmt":"2026-04-20T15:59:35","slug":"fulfillment","status":"publish","type":"page","link":"https:\/\/octopia.com\/fr\/fulfillment\/","title":{"rendered":"Stocker et exp\u00e9dier"},"content":{"rendered":"","protected":false},"excerpt":{"rendered":"","protected":false},"author":79,"featured_media":8149,"parent":0,"menu_order":0,"comment_status":"closed","ping_status":"closed","template":"page-solution.php","meta":{"_acf_changed":false,"footnotes":""},"class_list":["post-901","page","type-page","status-publish","has-post-thumbnail","hentry"],"acf":[],"yoast_head":"<!-- This site is optimized with the Yoast SEO plugin v27.2 - https:\/\/yoast.com\/product\/yoast-seo-wordpress\/ -->\n<title>Logistique e-commerce | Octopia Fulfillment<\/title>\n<meta name=\"description\" content=\"Externalisez votre logistique e-commerce avec Octopia Fulfillment. Stockage, pr\u00e9paration des commandes, exp\u00e9dition vers +20 pays europ\u00e9ens. +3 500 vendeurs accompagn\u00e9s, 99,5 % de colis exp\u00e9di\u00e9s dans les temps\" \/>\n<meta name=\"robots\" content=\"index, follow, max-snippet:-1, max-image-preview:large, max-video-preview:-1\" \/>\n<link rel=\"canonical\" href=\"https:\/\/octopia.com\/fr\/fulfillment\/\" \/>\n<meta property=\"og:locale\" content=\"fr_FR\" \/>\n<meta property=\"og:type\" content=\"article\" \/>\n<meta property=\"og:title\" content=\"Logistique e-commerce | Octopia Fulfillment\" \/>\n<meta property=\"og:description\" content=\"Externalisez votre logistique e-commerce avec Octopia Fulfillment. Stockage, pr\u00e9paration des commandes, exp\u00e9dition vers +20 pays europ\u00e9ens. +3 500 vendeurs accompagn\u00e9s, 99,5 % de colis exp\u00e9di\u00e9s dans les temps\" \/>\n<meta property=\"og:url\" content=\"https:\/\/octopia.com\/fr\/fulfillment\/\" \/>\n<meta property=\"og:site_name\" content=\"Octopia\" \/>\n<meta property=\"article:publisher\" content=\"https:\/\/www.facebook.com\/profile.php?id=100094504104573\" \/>\n<meta property=\"article:modified_time\" content=\"2026-04-20T15:59:35+00:00\" \/>\n<meta property=\"og:image\" content=\"https:\/\/octopia.com\/wp-content\/uploads\/2023\/08\/Stocker-et-expedier-Fulfillment-Octopia.png\" \/>\n\t<meta property=\"og:image:width\" content=\"1200\" \/>\n\t<meta property=\"og:image:height\" content=\"800\" \/>\n\t<meta property=\"og:image:type\" content=\"image\/png\" \/>\n<meta name=\"twitter:card\" content=\"summary_large_image\" \/>\n<meta name=\"twitter:label1\" content=\"Dur\u00e9e de lecture estim\u00e9e\" \/>\n\t<meta name=\"twitter:data1\" content=\"9 minutes\" \/>\n<script type=\"application\/ld+json\" class=\"yoast-schema-graph\">{\"@context\":\"https:\/\/schema.org\",\"@graph\":[{\"@type\":\"WebPage\",\"@id\":\"https:\/\/octopia.com\/fr\/fulfillment\/\",\"url\":\"https:\/\/octopia.com\/fr\/fulfillment\/\",\"name\":\"Logistique e-commerce | Octopia Fulfillment\",\"isPartOf\":{\"@id\":\"https:\/\/octopia.com\/fr\/#website\"},\"primaryImageOfPage\":{\"@id\":\"https:\/\/octopia.com\/fr\/fulfillment\/#primaryimage\"},\"image\":{\"@id\":\"https:\/\/octopia.com\/fr\/fulfillment\/#primaryimage\"},\"thumbnailUrl\":\"https:\/\/octopia.com\/wp-content\/uploads\/2023\/08\/Stocker-et-expedier-Fulfillment-Octopia.png\",\"datePublished\":\"2023-04-26T14:02:25+00:00\",\"dateModified\":\"2026-04-20T15:59:35+00:00\",\"description\":\"Externalisez votre logistique e-commerce avec Octopia Fulfillment. Stockage, pr\u00e9paration des commandes, exp\u00e9dition vers +20 pays europ\u00e9ens. +3 500 vendeurs accompagn\u00e9s, 99,5 % de colis exp\u00e9di\u00e9s dans les temps\",\"inLanguage\":\"fr-FR\",\"potentialAction\":[{\"@type\":\"ReadAction\",\"target\":[\"https:\/\/octopia.com\/fr\/fulfillment\/\"]}]},{\"@type\":\"ImageObject\",\"inLanguage\":\"fr-FR\",\"@id\":\"https:\/\/octopia.com\/fr\/fulfillment\/#primaryimage\",\"url\":\"https:\/\/octopia.com\/wp-content\/uploads\/2023\/08\/Stocker-et-expedier-Fulfillment-Octopia.png\",\"contentUrl\":\"https:\/\/octopia.com\/wp-content\/uploads\/2023\/08\/Stocker-et-expedier-Fulfillment-Octopia.png\",\"width\":1200,\"height\":800,\"caption\":\"Logistique e-commerce\"},{\"@type\":\"WebSite\",\"@id\":\"https:\/\/octopia.com\/fr\/#website\",\"url\":\"https:\/\/octopia.com\/fr\/\",\"name\":\"Octopia\",\"description\":\"R\u00e9duisez vos co\u00fbts logistiques jusqu&#039;\u00e0 50% et d\u00e9veloppez facilement votre activit\u00e9 avec le service logistique e-commerce Octopia Fulfillment.\",\"publisher\":{\"@id\":\"https:\/\/octopia.com\/fr\/#organization\"},\"potentialAction\":[{\"@type\":\"SearchAction\",\"target\":{\"@type\":\"EntryPoint\",\"urlTemplate\":\"https:\/\/octopia.com\/fr\/?s={search_term_string}\"},\"query-input\":{\"@type\":\"PropertyValueSpecification\",\"valueRequired\":true,\"valueName\":\"search_term_string\"}}],\"inLanguage\":\"fr-FR\"},{\"@type\":\"Organization\",\"@id\":\"https:\/\/octopia.com\/fr\/#organization\",\"name\":\"Octopia\",\"alternateName\":\"MAAS\",\"url\":\"https:\/\/octopia.com\/fr\/\",\"logo\":{\"@type\":\"ImageObject\",\"inLanguage\":\"fr-FR\",\"@id\":\"https:\/\/octopia.com\/fr\/#\/schema\/logo\/image\/\",\"url\":\"https:\/\/octopia.com\/wp-content\/uploads\/2023\/03\/octopia-logo-dark.svg?w=1024\",\"contentUrl\":\"https:\/\/octopia.com\/wp-content\/uploads\/2023\/03\/octopia-logo-dark.svg?w=1024\",\"width\":\"1024\",\"height\":\"1024\",\"caption\":\"Octopia\"},\"image\":{\"@id\":\"https:\/\/octopia.com\/fr\/#\/schema\/logo\/image\/\"},\"sameAs\":[\"https:\/\/www.facebook.com\/profile.php?id=100094504104573\",\"https:\/\/www.linkedin.com\/company\/octopia-solutions\/\"]}]}<\/script>\n<!-- \/ Yoast SEO plugin. -->","yoast_head_json":{"title":"Logistique e-commerce | Octopia Fulfillment","description":"Externalisez votre logistique e-commerce avec Octopia Fulfillment. Stockage, pr\u00e9paration des commandes, exp\u00e9dition vers +20 pays europ\u00e9ens. +3 500 vendeurs accompagn\u00e9s, 99,5 % de colis exp\u00e9di\u00e9s dans les temps","robots":{"index":"index","follow":"follow","max-snippet":"max-snippet:-1","max-image-preview":"max-image-preview:large","max-video-preview":"max-video-preview:-1"},"canonical":"https:\/\/octopia.com\/fr\/fulfillment\/","og_locale":"fr_FR","og_type":"article","og_title":"Logistique e-commerce | Octopia Fulfillment","og_description":"Externalisez votre logistique e-commerce avec Octopia Fulfillment. Stockage, pr\u00e9paration des commandes, exp\u00e9dition vers +20 pays europ\u00e9ens. +3 500 vendeurs accompagn\u00e9s, 99,5 % de colis exp\u00e9di\u00e9s dans les temps","og_url":"https:\/\/octopia.com\/fr\/fulfillment\/","og_site_name":"Octopia","article_publisher":"https:\/\/www.facebook.com\/profile.php?id=100094504104573","article_modified_time":"2026-04-20T15:59:35+00:00","og_image":[{"width":1200,"height":800,"url":"https:\/\/octopia.com\/wp-content\/uploads\/2023\/08\/Stocker-et-expedier-Fulfillment-Octopia.png","type":"image\/png"}],"twitter_card":"summary_large_image","twitter_misc":{"Dur\u00e9e de lecture estim\u00e9e":"9 minutes"},"schema":{"@context":"https:\/\/schema.org","@graph":[{"@type":"WebPage","@id":"https:\/\/octopia.com\/fr\/fulfillment\/","url":"https:\/\/octopia.com\/fr\/fulfillment\/","name":"Logistique e-commerce | Octopia Fulfillment","isPartOf":{"@id":"https:\/\/octopia.com\/fr\/#website"},"primaryImageOfPage":{"@id":"https:\/\/octopia.com\/fr\/fulfillment\/#primaryimage"},"image":{"@id":"https:\/\/octopia.com\/fr\/fulfillment\/#primaryimage"},"thumbnailUrl":"https:\/\/octopia.com\/wp-content\/uploads\/2023\/08\/Stocker-et-expedier-Fulfillment-Octopia.png","datePublished":"2023-04-26T14:02:25+00:00","dateModified":"2026-04-20T15:59:35+00:00","description":"Externalisez votre logistique e-commerce avec Octopia Fulfillment. Stockage, pr\u00e9paration des commandes, exp\u00e9dition vers +20 pays europ\u00e9ens. +3 500 vendeurs accompagn\u00e9s, 99,5 % de colis exp\u00e9di\u00e9s dans les temps","inLanguage":"fr-FR","potentialAction":[{"@type":"ReadAction","target":["https:\/\/octopia.com\/fr\/fulfillment\/"]}]},{"@type":"ImageObject","inLanguage":"fr-FR","@id":"https:\/\/octopia.com\/fr\/fulfillment\/#primaryimage","url":"https:\/\/octopia.com\/wp-content\/uploads\/2023\/08\/Stocker-et-expedier-Fulfillment-Octopia.png","contentUrl":"https:\/\/octopia.com\/wp-content\/uploads\/2023\/08\/Stocker-et-expedier-Fulfillment-Octopia.png","width":1200,"height":800,"caption":"Logistique e-commerce"},{"@type":"WebSite","@id":"https:\/\/octopia.com\/fr\/#website","url":"https:\/\/octopia.com\/fr\/","name":"Octopia","description":"R\u00e9duisez vos co\u00fbts logistiques jusqu&#039;\u00e0 50% et d\u00e9veloppez facilement votre activit\u00e9 avec le service logistique e-commerce Octopia Fulfillment.","publisher":{"@id":"https:\/\/octopia.com\/fr\/#organization"},"potentialAction":[{"@type":"SearchAction","target":{"@type":"EntryPoint","urlTemplate":"https:\/\/octopia.com\/fr\/?s={search_term_string}"},"query-input":{"@type":"PropertyValueSpecification","valueRequired":true,"valueName":"search_term_string"}}],"inLanguage":"fr-FR"},{"@type":"Organization","@id":"https:\/\/octopia.com\/fr\/#organization","name":"Octopia","alternateName":"MAAS","url":"https:\/\/octopia.com\/fr\/","logo":{"@type":"ImageObject","inLanguage":"fr-FR","@id":"https:\/\/octopia.com\/fr\/#\/schema\/logo\/image\/","url":"https:\/\/octopia.com\/wp-content\/uploads\/2023\/03\/octopia-logo-dark.svg?w=1024","contentUrl":"https:\/\/octopia.com\/wp-content\/uploads\/2023\/03\/octopia-logo-dark.svg?w=1024","width":"1024","height":"1024","caption":"Octopia"},"image":{"@id":"https:\/\/octopia.com\/fr\/#\/schema\/logo\/image\/"},"sameAs":["https:\/\/www.facebook.com\/profile.php?id=100094504104573","https:\/\/www.linkedin.com\/company\/octopia-solutions\/"]}]}},"jetpack_sharing_enabled":true,"_links":{"self":[{"href":"https:\/\/octopia.com\/fr\/wp-json\/wp\/v2\/pages\/901","targetHints":{"allow":["GET"]}}],"collection":[{"href":"https:\/\/octopia.com\/fr\/wp-json\/wp\/v2\/pages"}],"about":[{"href":"https:\/\/octopia.com\/fr\/wp-json\/wp\/v2\/types\/page"}],"author":[{"embeddable":true,"href":"https:\/\/octopia.com\/fr\/wp-json\/wp\/v2\/users\/79"}],"replies":[{"embeddable":true,"href":"https:\/\/octopia.com\/fr\/wp-json\/wp\/v2\/comments?post=901"}],"version-history":[{"count":95,"href":"https:\/\/octopia.com\/fr\/wp-json\/wp\/v2\/pages\/901\/revisions"}],"predecessor-version":[{"id":15094,"href":"https:\/\/octopia.com\/fr\/wp-json\/wp\/v2\/pages\/901\/revisions\/15094"}],"wp:featuredmedia":[{"embeddable":true,"href":"https:\/\/octopia.com\/fr\/wp-json\/wp\/v2\/media\/8149"}],"wp:attachment":[{"href":"https:\/\/octopia.com\/fr\/wp-json\/wp\/v2\/media?parent=901"}],"curies":[{"name":"wp","href":"https:\/\/api.w.org\/{rel}","templated":true}]}}