{"id":894,"date":"2023-04-26T16:00:04","date_gmt":"2023-04-26T14:00:04","guid":{"rendered":"https:\/\/octopia.com\/?page_id=894"},"modified":"2026-03-09T13:56:59","modified_gmt":"2026-03-09T12:56:59","slug":"octopia-community","status":"publish","type":"page","link":"https:\/\/octopia.com\/fr\/octopia-community\/","title":{"rendered":"Vendre sur des marketplaces"},"content":{"rendered":"","protected":false},"excerpt":{"rendered":"","protected":false},"author":79,"featured_media":8218,"parent":0,"menu_order":0,"comment_status":"closed","ping_status":"closed","template":"page-solution.php","meta":{"_acf_changed":false,"footnotes":""},"class_list":["post-894","page","type-page","status-publish","has-post-thumbnail","hentry"],"acf":[],"yoast_head":"<!-- This site is optimized with the Yoast SEO plugin v27.2 - https:\/\/yoast.com\/product\/yoast-seo-wordpress\/ -->\n<title>Vendre sur des marketplaces - Octopia<\/title>\n<meta name=\"description\" content=\"Commencez \u00e0 vendre sur les marketplaces du r\u00e9seau Octopia et d\u00e9veloppez votre activit\u00e9. D\u00e9couvrez l&#039;\u00e9cosyst\u00e8me des leaders du march\u00e9.\" \/>\n<meta name=\"robots\" content=\"index, follow, max-snippet:-1, max-image-preview:large, max-video-preview:-1\" \/>\n<link rel=\"canonical\" href=\"https:\/\/octopia.com\/fr\/octopia-community\/\" \/>\n<meta property=\"og:locale\" content=\"fr_FR\" \/>\n<meta property=\"og:type\" content=\"article\" \/>\n<meta property=\"og:title\" content=\"Vendre sur des marketplaces - Octopia\" \/>\n<meta property=\"og:description\" content=\"Commencez \u00e0 vendre sur les marketplaces du r\u00e9seau Octopia et d\u00e9veloppez votre activit\u00e9. D\u00e9couvrez l&#039;\u00e9cosyst\u00e8me des leaders du march\u00e9.\" \/>\n<meta property=\"og:url\" content=\"https:\/\/octopia.com\/fr\/octopia-community\/\" \/>\n<meta property=\"og:site_name\" content=\"Octopia\" \/>\n<meta property=\"article:publisher\" content=\"https:\/\/www.facebook.com\/profile.php?id=100094504104573\" \/>\n<meta property=\"article:modified_time\" content=\"2026-03-09T12:56:59+00:00\" \/>\n<meta property=\"og:image\" content=\"https:\/\/octopia.com\/wp-content\/uploads\/2023\/08\/Vendre-sur-des-marketplaces-Octopia.png\" \/>\n\t<meta property=\"og:image:width\" content=\"1200\" \/>\n\t<meta property=\"og:image:height\" content=\"800\" \/>\n\t<meta property=\"og:image:type\" content=\"image\/png\" \/>\n<meta name=\"twitter:card\" content=\"summary_large_image\" \/>\n<meta name=\"twitter:label1\" content=\"Dur\u00e9e de lecture estim\u00e9e\" \/>\n\t<meta name=\"twitter:data1\" content=\"7 minutes\" \/>\n<script type=\"application\/ld+json\" class=\"yoast-schema-graph\">{\"@context\":\"https:\/\/schema.org\",\"@graph\":[{\"@type\":\"WebPage\",\"@id\":\"https:\/\/octopia.com\/fr\/octopia-community\/\",\"url\":\"https:\/\/octopia.com\/fr\/octopia-community\/\",\"name\":\"Vendre sur des marketplaces - Octopia\",\"isPartOf\":{\"@id\":\"https:\/\/octopia.com\/fr\/#website\"},\"primaryImageOfPage\":{\"@id\":\"https:\/\/octopia.com\/fr\/octopia-community\/#primaryimage\"},\"image\":{\"@id\":\"https:\/\/octopia.com\/fr\/octopia-community\/#primaryimage\"},\"thumbnailUrl\":\"https:\/\/octopia.com\/wp-content\/uploads\/2023\/08\/Vendre-sur-des-marketplaces-Octopia.png\",\"datePublished\":\"2023-04-26T14:00:04+00:00\",\"dateModified\":\"2026-03-09T12:56:59+00:00\",\"description\":\"Commencez \u00e0 vendre sur les marketplaces du r\u00e9seau Octopia et d\u00e9veloppez votre activit\u00e9. D\u00e9couvrez l'\u00e9cosyst\u00e8me des leaders du march\u00e9.\",\"inLanguage\":\"fr-FR\",\"potentialAction\":[{\"@type\":\"ReadAction\",\"target\":[\"https:\/\/octopia.com\/fr\/octopia-community\/\"]}]},{\"@type\":\"ImageObject\",\"inLanguage\":\"fr-FR\",\"@id\":\"https:\/\/octopia.com\/fr\/octopia-community\/#primaryimage\",\"url\":\"https:\/\/octopia.com\/wp-content\/uploads\/2023\/08\/Vendre-sur-des-marketplaces-Octopia.png\",\"contentUrl\":\"https:\/\/octopia.com\/wp-content\/uploads\/2023\/08\/Vendre-sur-des-marketplaces-Octopia.png\",\"width\":1200,\"height\":800,\"caption\":\"Vendre sur des marketplaces\"},{\"@type\":\"WebSite\",\"@id\":\"https:\/\/octopia.com\/fr\/#website\",\"url\":\"https:\/\/octopia.com\/fr\/\",\"name\":\"Octopia\",\"description\":\"R\u00e9duisez vos co\u00fbts logistiques jusqu&#039;\u00e0 50% et d\u00e9veloppez facilement votre activit\u00e9 avec le service logistique e-commerce Octopia Fulfillment.\",\"publisher\":{\"@id\":\"https:\/\/octopia.com\/fr\/#organization\"},\"potentialAction\":[{\"@type\":\"SearchAction\",\"target\":{\"@type\":\"EntryPoint\",\"urlTemplate\":\"https:\/\/octopia.com\/fr\/?s={search_term_string}\"},\"query-input\":{\"@type\":\"PropertyValueSpecification\",\"valueRequired\":true,\"valueName\":\"search_term_string\"}}],\"inLanguage\":\"fr-FR\"},{\"@type\":\"Organization\",\"@id\":\"https:\/\/octopia.com\/fr\/#organization\",\"name\":\"Octopia\",\"alternateName\":\"MAAS\",\"url\":\"https:\/\/octopia.com\/fr\/\",\"logo\":{\"@type\":\"ImageObject\",\"inLanguage\":\"fr-FR\",\"@id\":\"https:\/\/octopia.com\/fr\/#\/schema\/logo\/image\/\",\"url\":\"https:\/\/octopia.com\/wp-content\/uploads\/2023\/03\/octopia-logo-dark.svg?w=1024\",\"contentUrl\":\"https:\/\/octopia.com\/wp-content\/uploads\/2023\/03\/octopia-logo-dark.svg?w=1024\",\"width\":\"1024\",\"height\":\"1024\",\"caption\":\"Octopia\"},\"image\":{\"@id\":\"https:\/\/octopia.com\/fr\/#\/schema\/logo\/image\/\"},\"sameAs\":[\"https:\/\/www.facebook.com\/profile.php?id=100094504104573\",\"https:\/\/www.linkedin.com\/company\/octopia-solutions\/\"]}]}<\/script>\n<!-- \/ Yoast SEO plugin. -->","yoast_head_json":{"title":"Vendre sur des marketplaces - Octopia","description":"Commencez \u00e0 vendre sur les marketplaces du r\u00e9seau Octopia et d\u00e9veloppez votre activit\u00e9. D\u00e9couvrez l'\u00e9cosyst\u00e8me des leaders du march\u00e9.","robots":{"index":"index","follow":"follow","max-snippet":"max-snippet:-1","max-image-preview":"max-image-preview:large","max-video-preview":"max-video-preview:-1"},"canonical":"https:\/\/octopia.com\/fr\/octopia-community\/","og_locale":"fr_FR","og_type":"article","og_title":"Vendre sur des marketplaces - Octopia","og_description":"Commencez \u00e0 vendre sur les marketplaces du r\u00e9seau Octopia et d\u00e9veloppez votre activit\u00e9. D\u00e9couvrez l'\u00e9cosyst\u00e8me des leaders du march\u00e9.","og_url":"https:\/\/octopia.com\/fr\/octopia-community\/","og_site_name":"Octopia","article_publisher":"https:\/\/www.facebook.com\/profile.php?id=100094504104573","article_modified_time":"2026-03-09T12:56:59+00:00","og_image":[{"width":1200,"height":800,"url":"https:\/\/octopia.com\/wp-content\/uploads\/2023\/08\/Vendre-sur-des-marketplaces-Octopia.png","type":"image\/png"}],"twitter_card":"summary_large_image","twitter_misc":{"Dur\u00e9e de lecture estim\u00e9e":"7 minutes"},"schema":{"@context":"https:\/\/schema.org","@graph":[{"@type":"WebPage","@id":"https:\/\/octopia.com\/fr\/octopia-community\/","url":"https:\/\/octopia.com\/fr\/octopia-community\/","name":"Vendre sur des marketplaces - Octopia","isPartOf":{"@id":"https:\/\/octopia.com\/fr\/#website"},"primaryImageOfPage":{"@id":"https:\/\/octopia.com\/fr\/octopia-community\/#primaryimage"},"image":{"@id":"https:\/\/octopia.com\/fr\/octopia-community\/#primaryimage"},"thumbnailUrl":"https:\/\/octopia.com\/wp-content\/uploads\/2023\/08\/Vendre-sur-des-marketplaces-Octopia.png","datePublished":"2023-04-26T14:00:04+00:00","dateModified":"2026-03-09T12:56:59+00:00","description":"Commencez \u00e0 vendre sur les marketplaces du r\u00e9seau Octopia et d\u00e9veloppez votre activit\u00e9. D\u00e9couvrez l'\u00e9cosyst\u00e8me des leaders du march\u00e9.","inLanguage":"fr-FR","potentialAction":[{"@type":"ReadAction","target":["https:\/\/octopia.com\/fr\/octopia-community\/"]}]},{"@type":"ImageObject","inLanguage":"fr-FR","@id":"https:\/\/octopia.com\/fr\/octopia-community\/#primaryimage","url":"https:\/\/octopia.com\/wp-content\/uploads\/2023\/08\/Vendre-sur-des-marketplaces-Octopia.png","contentUrl":"https:\/\/octopia.com\/wp-content\/uploads\/2023\/08\/Vendre-sur-des-marketplaces-Octopia.png","width":1200,"height":800,"caption":"Vendre sur des marketplaces"},{"@type":"WebSite","@id":"https:\/\/octopia.com\/fr\/#website","url":"https:\/\/octopia.com\/fr\/","name":"Octopia","description":"R\u00e9duisez vos co\u00fbts logistiques jusqu&#039;\u00e0 50% et d\u00e9veloppez facilement votre activit\u00e9 avec le service logistique e-commerce Octopia Fulfillment.","publisher":{"@id":"https:\/\/octopia.com\/fr\/#organization"},"potentialAction":[{"@type":"SearchAction","target":{"@type":"EntryPoint","urlTemplate":"https:\/\/octopia.com\/fr\/?s={search_term_string}"},"query-input":{"@type":"PropertyValueSpecification","valueRequired":true,"valueName":"search_term_string"}}],"inLanguage":"fr-FR"},{"@type":"Organization","@id":"https:\/\/octopia.com\/fr\/#organization","name":"Octopia","alternateName":"MAAS","url":"https:\/\/octopia.com\/fr\/","logo":{"@type":"ImageObject","inLanguage":"fr-FR","@id":"https:\/\/octopia.com\/fr\/#\/schema\/logo\/image\/","url":"https:\/\/octopia.com\/wp-content\/uploads\/2023\/03\/octopia-logo-dark.svg?w=1024","contentUrl":"https:\/\/octopia.com\/wp-content\/uploads\/2023\/03\/octopia-logo-dark.svg?w=1024","width":"1024","height":"1024","caption":"Octopia"},"image":{"@id":"https:\/\/octopia.com\/fr\/#\/schema\/logo\/image\/"},"sameAs":["https:\/\/www.facebook.com\/profile.php?id=100094504104573","https:\/\/www.linkedin.com\/company\/octopia-solutions\/"]}]}},"jetpack_sharing_enabled":true,"_links":{"self":[{"href":"https:\/\/octopia.com\/fr\/wp-json\/wp\/v2\/pages\/894","targetHints":{"allow":["GET"]}}],"collection":[{"href":"https:\/\/octopia.com\/fr\/wp-json\/wp\/v2\/pages"}],"about":[{"href":"https:\/\/octopia.com\/fr\/wp-json\/wp\/v2\/types\/page"}],"author":[{"embeddable":true,"href":"https:\/\/octopia.com\/fr\/wp-json\/wp\/v2\/users\/79"}],"replies":[{"embeddable":true,"href":"https:\/\/octopia.com\/fr\/wp-json\/wp\/v2\/comments?post=894"}],"version-history":[{"count":96,"href":"https:\/\/octopia.com\/fr\/wp-json\/wp\/v2\/pages\/894\/revisions"}],"predecessor-version":[{"id":13368,"href":"https:\/\/octopia.com\/fr\/wp-json\/wp\/v2\/pages\/894\/revisions\/13368"}],"wp:featuredmedia":[{"embeddable":true,"href":"https:\/\/octopia.com\/fr\/wp-json\/wp\/v2\/media\/8218"}],"wp:attachment":[{"href":"https:\/\/octopia.com\/fr\/wp-json\/wp\/v2\/media?parent=894"}],"curies":[{"name":"wp","href":"https:\/\/api.w.org\/{rel}","templated":true}]}}