{"id":13320,"date":"2026-04-07T12:10:11","date_gmt":"2026-04-07T10:10:11","guid":{"rendered":"https:\/\/octopia.com\/?page_id=13320"},"modified":"2026-04-07T15:55:25","modified_gmt":"2026-04-07T13:55:25","slug":"octopia-merchants-2","status":"publish","type":"page","link":"https:\/\/octopia.com\/fr\/octopia-merchants-2\/","title":{"rendered":"Recruter plus de vendeurs"},"content":{"rendered":"","protected":false},"excerpt":{"rendered":"","protected":false},"author":53,"featured_media":8187,"parent":0,"menu_order":0,"comment_status":"closed","ping_status":"closed","template":"page-solution.php","meta":{"_acf_changed":false,"footnotes":""},"class_list":["post-13320","page","type-page","status-publish","has-post-thumbnail","hentry"],"acf":[],"yoast_head":"<!-- This site is optimized with the Yoast SEO plugin v27.2 - https:\/\/yoast.com\/product\/yoast-seo-wordpress\/ -->\n<title>Recruter plus de vendeurs - Octopia<\/title>\n<meta name=\"description\" content=\"Acc\u00e9lerez l\u2032expansion de votre marketplace avec un catalogue de produits et de marques propos\u00e9es par des milliers de vendeurs internationaux.\" \/>\n<meta name=\"robots\" content=\"index, follow, max-snippet:-1, max-image-preview:large, max-video-preview:-1\" \/>\n<link rel=\"canonical\" href=\"https:\/\/octopia.com\/fr\/octopia-merchants-2\/\" \/>\n<meta property=\"og:locale\" content=\"fr_FR\" \/>\n<meta property=\"og:type\" content=\"article\" \/>\n<meta property=\"og:title\" content=\"Recruter plus de vendeurs - Octopia\" \/>\n<meta property=\"og:description\" content=\"Acc\u00e9lerez l\u2032expansion de votre marketplace avec un catalogue de produits et de marques propos\u00e9es par des milliers de vendeurs internationaux.\" \/>\n<meta property=\"og:url\" content=\"https:\/\/octopia.com\/fr\/octopia-merchants-2\/\" \/>\n<meta property=\"og:site_name\" content=\"Octopia\" \/>\n<meta property=\"article:publisher\" content=\"https:\/\/www.facebook.com\/profile.php?id=100094504104573\" \/>\n<meta property=\"article:modified_time\" content=\"2026-04-07T13:55:25+00:00\" \/>\n<meta property=\"og:image\" content=\"https:\/\/octopia.com\/wp-content\/uploads\/2023\/08\/Trouver-plus-de-vendeurs-Octopia.png\" \/>\n\t<meta property=\"og:image:width\" content=\"1200\" \/>\n\t<meta property=\"og:image:height\" content=\"800\" \/>\n\t<meta property=\"og:image:type\" content=\"image\/png\" \/>\n<meta name=\"twitter:card\" content=\"summary_large_image\" \/>\n<meta name=\"twitter:label1\" content=\"Dur\u00e9e de lecture estim\u00e9e\" \/>\n\t<meta name=\"twitter:data1\" content=\"8 minutes\" \/>\n<script type=\"application\/ld+json\" class=\"yoast-schema-graph\">{\"@context\":\"https:\/\/schema.org\",\"@graph\":[{\"@type\":\"WebPage\",\"@id\":\"https:\/\/octopia.com\/fr\/octopia-merchants-2\/\",\"url\":\"https:\/\/octopia.com\/fr\/octopia-merchants-2\/\",\"name\":\"Recruter plus de vendeurs - Octopia\",\"isPartOf\":{\"@id\":\"https:\/\/octopia.com\/fr\/#website\"},\"primaryImageOfPage\":{\"@id\":\"https:\/\/octopia.com\/fr\/octopia-merchants-2\/#primaryimage\"},\"image\":{\"@id\":\"https:\/\/octopia.com\/fr\/octopia-merchants-2\/#primaryimage\"},\"thumbnailUrl\":\"https:\/\/octopia.com\/wp-content\/uploads\/2023\/08\/Trouver-plus-de-vendeurs-Octopia.png\",\"datePublished\":\"2026-04-07T10:10:11+00:00\",\"dateModified\":\"2026-04-07T13:55:25+00:00\",\"description\":\"Acc\u00e9lerez l\u2032expansion de votre marketplace avec un catalogue de produits et de marques propos\u00e9es par des milliers de vendeurs internationaux.\",\"inLanguage\":\"fr-FR\",\"potentialAction\":[{\"@type\":\"ReadAction\",\"target\":[\"https:\/\/octopia.com\/fr\/octopia-merchants-2\/\"]}]},{\"@type\":\"ImageObject\",\"inLanguage\":\"fr-FR\",\"@id\":\"https:\/\/octopia.com\/fr\/octopia-merchants-2\/#primaryimage\",\"url\":\"https:\/\/octopia.com\/wp-content\/uploads\/2023\/08\/Trouver-plus-de-vendeurs-Octopia.png\",\"contentUrl\":\"https:\/\/octopia.com\/wp-content\/uploads\/2023\/08\/Trouver-plus-de-vendeurs-Octopia.png\",\"width\":1200,\"height\":800,\"caption\":\"vendeurs marketplace\"},{\"@type\":\"WebSite\",\"@id\":\"https:\/\/octopia.com\/fr\/#website\",\"url\":\"https:\/\/octopia.com\/fr\/\",\"name\":\"Octopia\",\"description\":\"R\u00e9duisez vos co\u00fbts logistiques jusqu&#039;\u00e0 50% et d\u00e9veloppez facilement votre activit\u00e9 avec le service logistique e-commerce Octopia Fulfillment.\",\"publisher\":{\"@id\":\"https:\/\/octopia.com\/fr\/#organization\"},\"potentialAction\":[{\"@type\":\"SearchAction\",\"target\":{\"@type\":\"EntryPoint\",\"urlTemplate\":\"https:\/\/octopia.com\/fr\/?s={search_term_string}\"},\"query-input\":{\"@type\":\"PropertyValueSpecification\",\"valueRequired\":true,\"valueName\":\"search_term_string\"}}],\"inLanguage\":\"fr-FR\"},{\"@type\":\"Organization\",\"@id\":\"https:\/\/octopia.com\/fr\/#organization\",\"name\":\"Octopia\",\"alternateName\":\"MAAS\",\"url\":\"https:\/\/octopia.com\/fr\/\",\"logo\":{\"@type\":\"ImageObject\",\"inLanguage\":\"fr-FR\",\"@id\":\"https:\/\/octopia.com\/fr\/#\/schema\/logo\/image\/\",\"url\":\"https:\/\/octopia.com\/wp-content\/uploads\/2023\/03\/octopia-logo-dark.svg?w=1024\",\"contentUrl\":\"https:\/\/octopia.com\/wp-content\/uploads\/2023\/03\/octopia-logo-dark.svg?w=1024\",\"width\":\"1024\",\"height\":\"1024\",\"caption\":\"Octopia\"},\"image\":{\"@id\":\"https:\/\/octopia.com\/fr\/#\/schema\/logo\/image\/\"},\"sameAs\":[\"https:\/\/www.facebook.com\/profile.php?id=100094504104573\",\"https:\/\/www.linkedin.com\/company\/octopia-solutions\/\"]}]}<\/script>\n<!-- \/ Yoast SEO plugin. -->","yoast_head_json":{"title":"Recruter plus de vendeurs - Octopia","description":"Acc\u00e9lerez l\u2032expansion de votre marketplace avec un catalogue de produits et de marques propos\u00e9es par des milliers de vendeurs internationaux.","robots":{"index":"index","follow":"follow","max-snippet":"max-snippet:-1","max-image-preview":"max-image-preview:large","max-video-preview":"max-video-preview:-1"},"canonical":"https:\/\/octopia.com\/fr\/octopia-merchants-2\/","og_locale":"fr_FR","og_type":"article","og_title":"Recruter plus de vendeurs - Octopia","og_description":"Acc\u00e9lerez l\u2032expansion de votre marketplace avec un catalogue de produits et de marques propos\u00e9es par des milliers de vendeurs internationaux.","og_url":"https:\/\/octopia.com\/fr\/octopia-merchants-2\/","og_site_name":"Octopia","article_publisher":"https:\/\/www.facebook.com\/profile.php?id=100094504104573","article_modified_time":"2026-04-07T13:55:25+00:00","og_image":[{"width":1200,"height":800,"url":"https:\/\/octopia.com\/wp-content\/uploads\/2023\/08\/Trouver-plus-de-vendeurs-Octopia.png","type":"image\/png"}],"twitter_card":"summary_large_image","twitter_misc":{"Dur\u00e9e de lecture estim\u00e9e":"8 minutes"},"schema":{"@context":"https:\/\/schema.org","@graph":[{"@type":"WebPage","@id":"https:\/\/octopia.com\/fr\/octopia-merchants-2\/","url":"https:\/\/octopia.com\/fr\/octopia-merchants-2\/","name":"Recruter plus de vendeurs - Octopia","isPartOf":{"@id":"https:\/\/octopia.com\/fr\/#website"},"primaryImageOfPage":{"@id":"https:\/\/octopia.com\/fr\/octopia-merchants-2\/#primaryimage"},"image":{"@id":"https:\/\/octopia.com\/fr\/octopia-merchants-2\/#primaryimage"},"thumbnailUrl":"https:\/\/octopia.com\/wp-content\/uploads\/2023\/08\/Trouver-plus-de-vendeurs-Octopia.png","datePublished":"2026-04-07T10:10:11+00:00","dateModified":"2026-04-07T13:55:25+00:00","description":"Acc\u00e9lerez l\u2032expansion de votre marketplace avec un catalogue de produits et de marques propos\u00e9es par des milliers de vendeurs internationaux.","inLanguage":"fr-FR","potentialAction":[{"@type":"ReadAction","target":["https:\/\/octopia.com\/fr\/octopia-merchants-2\/"]}]},{"@type":"ImageObject","inLanguage":"fr-FR","@id":"https:\/\/octopia.com\/fr\/octopia-merchants-2\/#primaryimage","url":"https:\/\/octopia.com\/wp-content\/uploads\/2023\/08\/Trouver-plus-de-vendeurs-Octopia.png","contentUrl":"https:\/\/octopia.com\/wp-content\/uploads\/2023\/08\/Trouver-plus-de-vendeurs-Octopia.png","width":1200,"height":800,"caption":"vendeurs marketplace"},{"@type":"WebSite","@id":"https:\/\/octopia.com\/fr\/#website","url":"https:\/\/octopia.com\/fr\/","name":"Octopia","description":"R\u00e9duisez vos co\u00fbts logistiques jusqu&#039;\u00e0 50% et d\u00e9veloppez facilement votre activit\u00e9 avec le service logistique e-commerce Octopia Fulfillment.","publisher":{"@id":"https:\/\/octopia.com\/fr\/#organization"},"potentialAction":[{"@type":"SearchAction","target":{"@type":"EntryPoint","urlTemplate":"https:\/\/octopia.com\/fr\/?s={search_term_string}"},"query-input":{"@type":"PropertyValueSpecification","valueRequired":true,"valueName":"search_term_string"}}],"inLanguage":"fr-FR"},{"@type":"Organization","@id":"https:\/\/octopia.com\/fr\/#organization","name":"Octopia","alternateName":"MAAS","url":"https:\/\/octopia.com\/fr\/","logo":{"@type":"ImageObject","inLanguage":"fr-FR","@id":"https:\/\/octopia.com\/fr\/#\/schema\/logo\/image\/","url":"https:\/\/octopia.com\/wp-content\/uploads\/2023\/03\/octopia-logo-dark.svg?w=1024","contentUrl":"https:\/\/octopia.com\/wp-content\/uploads\/2023\/03\/octopia-logo-dark.svg?w=1024","width":"1024","height":"1024","caption":"Octopia"},"image":{"@id":"https:\/\/octopia.com\/fr\/#\/schema\/logo\/image\/"},"sameAs":["https:\/\/www.facebook.com\/profile.php?id=100094504104573","https:\/\/www.linkedin.com\/company\/octopia-solutions\/"]}]}},"jetpack_sharing_enabled":true,"_links":{"self":[{"href":"https:\/\/octopia.com\/fr\/wp-json\/wp\/v2\/pages\/13320","targetHints":{"allow":["GET"]}}],"collection":[{"href":"https:\/\/octopia.com\/fr\/wp-json\/wp\/v2\/pages"}],"about":[{"href":"https:\/\/octopia.com\/fr\/wp-json\/wp\/v2\/types\/page"}],"author":[{"embeddable":true,"href":"https:\/\/octopia.com\/fr\/wp-json\/wp\/v2\/users\/53"}],"replies":[{"embeddable":true,"href":"https:\/\/octopia.com\/fr\/wp-json\/wp\/v2\/comments?post=13320"}],"version-history":[{"count":11,"href":"https:\/\/octopia.com\/fr\/wp-json\/wp\/v2\/pages\/13320\/revisions"}],"predecessor-version":[{"id":14960,"href":"https:\/\/octopia.com\/fr\/wp-json\/wp\/v2\/pages\/13320\/revisions\/14960"}],"wp:featuredmedia":[{"embeddable":true,"href":"https:\/\/octopia.com\/fr\/wp-json\/wp\/v2\/media\/8187"}],"wp:attachment":[{"href":"https:\/\/octopia.com\/fr\/wp-json\/wp\/v2\/media?parent=13320"}],"curies":[{"name":"wp","href":"https:\/\/api.w.org\/{rel}","templated":true}]}}