{"id":12797,"date":"2025-10-15T18:32:28","date_gmt":"2025-10-15T16:32:28","guid":{"rendered":"https:\/\/octopia.com\/?page_id=12797"},"modified":"2026-03-26T13:19:47","modified_gmt":"2026-03-26T12:19:47","slug":"contact-solution-logistique-ecommerce","status":"publish","type":"page","link":"https:\/\/octopia.com\/fr\/fulfillment\/contact-solution-logistique-ecommerce\/","title":{"rendered":"Contact &#8211; Fulfillment &#8211; solution logistique ecommerce"},"content":{"rendered":"","protected":false},"excerpt":{"rendered":"","protected":false},"author":98,"featured_media":0,"parent":901,"menu_order":0,"comment_status":"closed","ping_status":"closed","template":"page-contact.php","meta":{"_acf_changed":false,"footnotes":""},"class_list":["post-12797","page","type-page","status-publish","hentry"],"acf":[],"yoast_head":"<!-- This site is optimized with the Yoast SEO plugin v27.2 - https:\/\/yoast.com\/product\/yoast-seo-wordpress\/ -->\n<title>Logistique E-commerce Performante | Octopia<\/title>\n<meta name=\"description\" content=\"Prestataire logistique e-commerce expert : 25+ ans d&#039;exp\u00e9rience, 8M+ colis\/an, taux de ponctualit\u00e9 99,5%. Boostez vos ventes avec Octopia Fulfillment.\" \/>\n<meta name=\"robots\" content=\"index, follow, max-snippet:-1, max-image-preview:large, max-video-preview:-1\" \/>\n<link rel=\"canonical\" href=\"https:\/\/octopia.com\/fr\/fulfillment\/contact-solution-logistique-ecommerce\/\" \/>\n<meta property=\"og:locale\" content=\"fr_FR\" \/>\n<meta property=\"og:type\" content=\"article\" \/>\n<meta property=\"og:title\" content=\"Logistique E-commerce Performante | Octopia\" \/>\n<meta property=\"og:description\" content=\"Prestataire logistique e-commerce expert : 25+ ans d&#039;exp\u00e9rience, 8M+ colis\/an, taux de ponctualit\u00e9 99,5%. Boostez vos ventes avec Octopia Fulfillment.\" \/>\n<meta property=\"og:url\" content=\"https:\/\/octopia.com\/fr\/fulfillment\/contact-solution-logistique-ecommerce\/\" \/>\n<meta property=\"og:site_name\" content=\"Octopia\" \/>\n<meta property=\"article:publisher\" content=\"https:\/\/www.facebook.com\/profile.php?id=100094504104573\" \/>\n<meta property=\"article:modified_time\" content=\"2026-03-26T12:19:47+00:00\" \/>\n<meta name=\"twitter:card\" content=\"summary_large_image\" \/>\n<meta name=\"twitter:label1\" content=\"Dur\u00e9e de lecture estim\u00e9e\" \/>\n\t<meta name=\"twitter:data1\" content=\"6 minutes\" \/>\n<script type=\"application\/ld+json\" class=\"yoast-schema-graph\">{\"@context\":\"https:\/\/schema.org\",\"@graph\":[{\"@type\":\"WebPage\",\"@id\":\"https:\/\/octopia.com\/fr\/fulfillment\/contact-solution-logistique-ecommerce\/\",\"url\":\"https:\/\/octopia.com\/fr\/fulfillment\/contact-solution-logistique-ecommerce\/\",\"name\":\"Logistique E-commerce Performante | Octopia\",\"isPartOf\":{\"@id\":\"https:\/\/octopia.com\/fr\/#website\"},\"datePublished\":\"2025-10-15T16:32:28+00:00\",\"dateModified\":\"2026-03-26T12:19:47+00:00\",\"description\":\"Prestataire logistique e-commerce expert : 25+ ans d'exp\u00e9rience, 8M+ colis\/an, taux de ponctualit\u00e9 99,5%. Boostez vos ventes avec Octopia Fulfillment.\",\"breadcrumb\":{\"@id\":\"https:\/\/octopia.com\/fr\/fulfillment\/contact-solution-logistique-ecommerce\/#breadcrumb\"},\"inLanguage\":\"fr-FR\",\"potentialAction\":[{\"@type\":\"ReadAction\",\"target\":[\"https:\/\/octopia.com\/fr\/fulfillment\/contact-solution-logistique-ecommerce\/\"]}]},{\"@type\":\"BreadcrumbList\",\"@id\":\"https:\/\/octopia.com\/fr\/fulfillment\/contact-solution-logistique-ecommerce\/#breadcrumb\",\"itemListElement\":[{\"@type\":\"ListItem\",\"position\":1,\"name\":\"Stocker et exp\u00e9dier\",\"item\":\"https:\/\/octopia.com\/fr\/fulfillment\/\"},{\"@type\":\"ListItem\",\"position\":2,\"name\":\"Contact &#8211; Fulfillment &#8211; solution logistique ecommerce\"}]},{\"@type\":\"WebSite\",\"@id\":\"https:\/\/octopia.com\/fr\/#website\",\"url\":\"https:\/\/octopia.com\/fr\/\",\"name\":\"Octopia\",\"description\":\"R\u00e9duisez vos co\u00fbts logistiques jusqu&#039;\u00e0 50% et d\u00e9veloppez facilement votre activit\u00e9 avec le service logistique e-commerce Octopia Fulfillment.\",\"publisher\":{\"@id\":\"https:\/\/octopia.com\/fr\/#organization\"},\"potentialAction\":[{\"@type\":\"SearchAction\",\"target\":{\"@type\":\"EntryPoint\",\"urlTemplate\":\"https:\/\/octopia.com\/fr\/?s={search_term_string}\"},\"query-input\":{\"@type\":\"PropertyValueSpecification\",\"valueRequired\":true,\"valueName\":\"search_term_string\"}}],\"inLanguage\":\"fr-FR\"},{\"@type\":\"Organization\",\"@id\":\"https:\/\/octopia.com\/fr\/#organization\",\"name\":\"Octopia\",\"alternateName\":\"MAAS\",\"url\":\"https:\/\/octopia.com\/fr\/\",\"logo\":{\"@type\":\"ImageObject\",\"inLanguage\":\"fr-FR\",\"@id\":\"https:\/\/octopia.com\/fr\/#\/schema\/logo\/image\/\",\"url\":\"https:\/\/octopia.com\/wp-content\/uploads\/2023\/03\/octopia-logo-dark.svg?w=1024\",\"contentUrl\":\"https:\/\/octopia.com\/wp-content\/uploads\/2023\/03\/octopia-logo-dark.svg?w=1024\",\"width\":\"1024\",\"height\":\"1024\",\"caption\":\"Octopia\"},\"image\":{\"@id\":\"https:\/\/octopia.com\/fr\/#\/schema\/logo\/image\/\"},\"sameAs\":[\"https:\/\/www.facebook.com\/profile.php?id=100094504104573\",\"https:\/\/www.linkedin.com\/company\/octopia-solutions\/\"]}]}<\/script>\n<!-- \/ Yoast SEO plugin. -->","yoast_head_json":{"title":"Logistique E-commerce Performante | Octopia","description":"Prestataire logistique e-commerce expert : 25+ ans d'exp\u00e9rience, 8M+ colis\/an, taux de ponctualit\u00e9 99,5%. Boostez vos ventes avec Octopia Fulfillment.","robots":{"index":"index","follow":"follow","max-snippet":"max-snippet:-1","max-image-preview":"max-image-preview:large","max-video-preview":"max-video-preview:-1"},"canonical":"https:\/\/octopia.com\/fr\/fulfillment\/contact-solution-logistique-ecommerce\/","og_locale":"fr_FR","og_type":"article","og_title":"Logistique E-commerce Performante | Octopia","og_description":"Prestataire logistique e-commerce expert : 25+ ans d'exp\u00e9rience, 8M+ colis\/an, taux de ponctualit\u00e9 99,5%. Boostez vos ventes avec Octopia Fulfillment.","og_url":"https:\/\/octopia.com\/fr\/fulfillment\/contact-solution-logistique-ecommerce\/","og_site_name":"Octopia","article_publisher":"https:\/\/www.facebook.com\/profile.php?id=100094504104573","article_modified_time":"2026-03-26T12:19:47+00:00","twitter_card":"summary_large_image","twitter_misc":{"Dur\u00e9e de lecture estim\u00e9e":"6 minutes"},"schema":{"@context":"https:\/\/schema.org","@graph":[{"@type":"WebPage","@id":"https:\/\/octopia.com\/fr\/fulfillment\/contact-solution-logistique-ecommerce\/","url":"https:\/\/octopia.com\/fr\/fulfillment\/contact-solution-logistique-ecommerce\/","name":"Logistique E-commerce Performante | Octopia","isPartOf":{"@id":"https:\/\/octopia.com\/fr\/#website"},"datePublished":"2025-10-15T16:32:28+00:00","dateModified":"2026-03-26T12:19:47+00:00","description":"Prestataire logistique e-commerce expert : 25+ ans d'exp\u00e9rience, 8M+ colis\/an, taux de ponctualit\u00e9 99,5%. Boostez vos ventes avec Octopia Fulfillment.","breadcrumb":{"@id":"https:\/\/octopia.com\/fr\/fulfillment\/contact-solution-logistique-ecommerce\/#breadcrumb"},"inLanguage":"fr-FR","potentialAction":[{"@type":"ReadAction","target":["https:\/\/octopia.com\/fr\/fulfillment\/contact-solution-logistique-ecommerce\/"]}]},{"@type":"BreadcrumbList","@id":"https:\/\/octopia.com\/fr\/fulfillment\/contact-solution-logistique-ecommerce\/#breadcrumb","itemListElement":[{"@type":"ListItem","position":1,"name":"Stocker et exp\u00e9dier","item":"https:\/\/octopia.com\/fr\/fulfillment\/"},{"@type":"ListItem","position":2,"name":"Contact &#8211; Fulfillment &#8211; solution logistique ecommerce"}]},{"@type":"WebSite","@id":"https:\/\/octopia.com\/fr\/#website","url":"https:\/\/octopia.com\/fr\/","name":"Octopia","description":"R\u00e9duisez vos co\u00fbts logistiques jusqu&#039;\u00e0 50% et d\u00e9veloppez facilement votre activit\u00e9 avec le service logistique e-commerce Octopia Fulfillment.","publisher":{"@id":"https:\/\/octopia.com\/fr\/#organization"},"potentialAction":[{"@type":"SearchAction","target":{"@type":"EntryPoint","urlTemplate":"https:\/\/octopia.com\/fr\/?s={search_term_string}"},"query-input":{"@type":"PropertyValueSpecification","valueRequired":true,"valueName":"search_term_string"}}],"inLanguage":"fr-FR"},{"@type":"Organization","@id":"https:\/\/octopia.com\/fr\/#organization","name":"Octopia","alternateName":"MAAS","url":"https:\/\/octopia.com\/fr\/","logo":{"@type":"ImageObject","inLanguage":"fr-FR","@id":"https:\/\/octopia.com\/fr\/#\/schema\/logo\/image\/","url":"https:\/\/octopia.com\/wp-content\/uploads\/2023\/03\/octopia-logo-dark.svg?w=1024","contentUrl":"https:\/\/octopia.com\/wp-content\/uploads\/2023\/03\/octopia-logo-dark.svg?w=1024","width":"1024","height":"1024","caption":"Octopia"},"image":{"@id":"https:\/\/octopia.com\/fr\/#\/schema\/logo\/image\/"},"sameAs":["https:\/\/www.facebook.com\/profile.php?id=100094504104573","https:\/\/www.linkedin.com\/company\/octopia-solutions\/"]}]}},"jetpack_sharing_enabled":true,"_links":{"self":[{"href":"https:\/\/octopia.com\/fr\/wp-json\/wp\/v2\/pages\/12797","targetHints":{"allow":["GET"]}}],"collection":[{"href":"https:\/\/octopia.com\/fr\/wp-json\/wp\/v2\/pages"}],"about":[{"href":"https:\/\/octopia.com\/fr\/wp-json\/wp\/v2\/types\/page"}],"author":[{"embeddable":true,"href":"https:\/\/octopia.com\/fr\/wp-json\/wp\/v2\/users\/98"}],"replies":[{"embeddable":true,"href":"https:\/\/octopia.com\/fr\/wp-json\/wp\/v2\/comments?post=12797"}],"version-history":[{"count":14,"href":"https:\/\/octopia.com\/fr\/wp-json\/wp\/v2\/pages\/12797\/revisions"}],"predecessor-version":[{"id":14222,"href":"https:\/\/octopia.com\/fr\/wp-json\/wp\/v2\/pages\/12797\/revisions\/14222"}],"up":[{"embeddable":true,"href":"https:\/\/octopia.com\/fr\/wp-json\/wp\/v2\/pages\/901"}],"wp:attachment":[{"href":"https:\/\/octopia.com\/fr\/wp-json\/wp\/v2\/media?parent=12797"}],"curies":[{"name":"wp","href":"https:\/\/api.w.org\/{rel}","templated":true}]}}