{"id":12572,"date":"2025-07-29T12:55:04","date_gmt":"2025-07-29T10:55:04","guid":{"rendered":"http:\/\/fulfillment\/contact-fulfillment-2\/"},"modified":"2026-03-26T12:23:57","modified_gmt":"2026-03-26T11:23:57","slug":"contact-royaume-uni","status":"publish","type":"page","link":"https:\/\/octopia.com\/fr\/fulfillment\/contact-royaume-uni\/","title":{"rendered":"Contact &#8211; Fulfillment &#8211; FR\/UK &#8211; Royaume Uni"},"content":{"rendered":"","protected":false},"excerpt":{"rendered":"","protected":false},"author":98,"featured_media":0,"parent":901,"menu_order":0,"comment_status":"closed","ping_status":"closed","template":"page-contact.php","meta":{"_acf_changed":false,"footnotes":""},"class_list":["post-12572","page","type-page","status-publish","hentry"],"acf":[],"yoast_head":"<!-- This site is optimized with the Yoast SEO plugin v27.2 - https:\/\/yoast.com\/product\/yoast-seo-wordpress\/ -->\n<title>Contactez nos experts Fulfillment - Octopia<\/title>\n<meta name=\"description\" content=\"B\u00e9n\u00e9ficiez de plus de 11 ans d\u2019exp\u00e9rience en logistique et acc\u00e9dez aux tarifs les plus attractifs pour stocker et exp\u00e9dier vos produits.\" \/>\n<meta name=\"robots\" content=\"noindex, nofollow\" \/>\n<meta property=\"og:locale\" content=\"fr_FR\" \/>\n<meta property=\"og:type\" content=\"article\" \/>\n<meta property=\"og:title\" content=\"Contactez nos experts Fulfillment - Octopia\" \/>\n<meta property=\"og:description\" content=\"B\u00e9n\u00e9ficiez de plus de 11 ans d\u2019exp\u00e9rience en logistique et acc\u00e9dez aux tarifs les plus attractifs pour stocker et exp\u00e9dier vos produits.\" \/>\n<meta property=\"og:url\" content=\"https:\/\/octopia.com\/fr\/fulfillment\/contact-royaume-uni\/\" \/>\n<meta property=\"og:site_name\" content=\"Octopia\" \/>\n<meta property=\"article:publisher\" content=\"https:\/\/www.facebook.com\/profile.php?id=100094504104573\" \/>\n<meta property=\"article:modified_time\" content=\"2026-03-26T11:23:57+00:00\" \/>\n<meta name=\"twitter:card\" content=\"summary_large_image\" \/>\n<meta name=\"twitter:label1\" content=\"Dur\u00e9e de lecture estim\u00e9e\" \/>\n\t<meta name=\"twitter:data1\" content=\"1 minute\" \/>\n<script type=\"application\/ld+json\" class=\"yoast-schema-graph\">{\"@context\":\"https:\/\/schema.org\",\"@graph\":[{\"@type\":\"WebPage\",\"@id\":\"https:\/\/octopia.com\/fr\/fulfillment\/contact-royaume-uni\/\",\"url\":\"https:\/\/octopia.com\/fr\/fulfillment\/contact-royaume-uni\/\",\"name\":\"Contactez nos experts Fulfillment - Octopia\",\"isPartOf\":{\"@id\":\"https:\/\/octopia.com\/fr\/#website\"},\"datePublished\":\"2025-07-29T10:55:04+00:00\",\"dateModified\":\"2026-03-26T11:23:57+00:00\",\"description\":\"B\u00e9n\u00e9ficiez de plus de 11 ans d\u2019exp\u00e9rience en logistique et acc\u00e9dez aux tarifs les plus attractifs pour stocker et exp\u00e9dier vos produits.\",\"breadcrumb\":{\"@id\":\"https:\/\/octopia.com\/fr\/fulfillment\/contact-royaume-uni\/#breadcrumb\"},\"inLanguage\":\"fr-FR\",\"potentialAction\":[{\"@type\":\"ReadAction\",\"target\":[\"https:\/\/octopia.com\/fr\/fulfillment\/contact-royaume-uni\/\"]}]},{\"@type\":\"BreadcrumbList\",\"@id\":\"https:\/\/octopia.com\/fr\/fulfillment\/contact-royaume-uni\/#breadcrumb\",\"itemListElement\":[{\"@type\":\"ListItem\",\"position\":1,\"name\":\"Stocker et exp\u00e9dier\",\"item\":\"https:\/\/octopia.com\/fr\/fulfillment\/\"},{\"@type\":\"ListItem\",\"position\":2,\"name\":\"Contact &#8211; Fulfillment &#8211; FR\/UK &#8211; Royaume Uni\"}]},{\"@type\":\"WebSite\",\"@id\":\"https:\/\/octopia.com\/fr\/#website\",\"url\":\"https:\/\/octopia.com\/fr\/\",\"name\":\"Octopia\",\"description\":\"R\u00e9duisez vos co\u00fbts logistiques jusqu&#039;\u00e0 50% et d\u00e9veloppez facilement votre activit\u00e9 avec le service logistique e-commerce Octopia Fulfillment.\",\"publisher\":{\"@id\":\"https:\/\/octopia.com\/fr\/#organization\"},\"potentialAction\":[{\"@type\":\"SearchAction\",\"target\":{\"@type\":\"EntryPoint\",\"urlTemplate\":\"https:\/\/octopia.com\/fr\/?s={search_term_string}\"},\"query-input\":{\"@type\":\"PropertyValueSpecification\",\"valueRequired\":true,\"valueName\":\"search_term_string\"}}],\"inLanguage\":\"fr-FR\"},{\"@type\":\"Organization\",\"@id\":\"https:\/\/octopia.com\/fr\/#organization\",\"name\":\"Octopia\",\"alternateName\":\"MAAS\",\"url\":\"https:\/\/octopia.com\/fr\/\",\"logo\":{\"@type\":\"ImageObject\",\"inLanguage\":\"fr-FR\",\"@id\":\"https:\/\/octopia.com\/fr\/#\/schema\/logo\/image\/\",\"url\":\"https:\/\/octopia.com\/wp-content\/uploads\/2023\/03\/octopia-logo-dark.svg?w=1024\",\"contentUrl\":\"https:\/\/octopia.com\/wp-content\/uploads\/2023\/03\/octopia-logo-dark.svg?w=1024\",\"width\":\"1024\",\"height\":\"1024\",\"caption\":\"Octopia\"},\"image\":{\"@id\":\"https:\/\/octopia.com\/fr\/#\/schema\/logo\/image\/\"},\"sameAs\":[\"https:\/\/www.facebook.com\/profile.php?id=100094504104573\",\"https:\/\/www.linkedin.com\/company\/octopia-solutions\/\"]}]}<\/script>\n<!-- \/ Yoast SEO plugin. -->","yoast_head_json":{"title":"Contactez nos experts Fulfillment - Octopia","description":"B\u00e9n\u00e9ficiez de plus de 11 ans d\u2019exp\u00e9rience en logistique et acc\u00e9dez aux tarifs les plus attractifs pour stocker et exp\u00e9dier vos produits.","robots":{"index":"noindex","follow":"nofollow"},"og_locale":"fr_FR","og_type":"article","og_title":"Contactez nos experts Fulfillment - Octopia","og_description":"B\u00e9n\u00e9ficiez de plus de 11 ans d\u2019exp\u00e9rience en logistique et acc\u00e9dez aux tarifs les plus attractifs pour stocker et exp\u00e9dier vos produits.","og_url":"https:\/\/octopia.com\/fr\/fulfillment\/contact-royaume-uni\/","og_site_name":"Octopia","article_publisher":"https:\/\/www.facebook.com\/profile.php?id=100094504104573","article_modified_time":"2026-03-26T11:23:57+00:00","twitter_card":"summary_large_image","twitter_misc":{"Dur\u00e9e de lecture estim\u00e9e":"1 minute"},"schema":{"@context":"https:\/\/schema.org","@graph":[{"@type":"WebPage","@id":"https:\/\/octopia.com\/fr\/fulfillment\/contact-royaume-uni\/","url":"https:\/\/octopia.com\/fr\/fulfillment\/contact-royaume-uni\/","name":"Contactez nos experts Fulfillment - Octopia","isPartOf":{"@id":"https:\/\/octopia.com\/fr\/#website"},"datePublished":"2025-07-29T10:55:04+00:00","dateModified":"2026-03-26T11:23:57+00:00","description":"B\u00e9n\u00e9ficiez de plus de 11 ans d\u2019exp\u00e9rience en logistique et acc\u00e9dez aux tarifs les plus attractifs pour stocker et exp\u00e9dier vos produits.","breadcrumb":{"@id":"https:\/\/octopia.com\/fr\/fulfillment\/contact-royaume-uni\/#breadcrumb"},"inLanguage":"fr-FR","potentialAction":[{"@type":"ReadAction","target":["https:\/\/octopia.com\/fr\/fulfillment\/contact-royaume-uni\/"]}]},{"@type":"BreadcrumbList","@id":"https:\/\/octopia.com\/fr\/fulfillment\/contact-royaume-uni\/#breadcrumb","itemListElement":[{"@type":"ListItem","position":1,"name":"Stocker et exp\u00e9dier","item":"https:\/\/octopia.com\/fr\/fulfillment\/"},{"@type":"ListItem","position":2,"name":"Contact &#8211; Fulfillment &#8211; FR\/UK &#8211; Royaume Uni"}]},{"@type":"WebSite","@id":"https:\/\/octopia.com\/fr\/#website","url":"https:\/\/octopia.com\/fr\/","name":"Octopia","description":"R\u00e9duisez vos co\u00fbts logistiques jusqu&#039;\u00e0 50% et d\u00e9veloppez facilement votre activit\u00e9 avec le service logistique e-commerce Octopia Fulfillment.","publisher":{"@id":"https:\/\/octopia.com\/fr\/#organization"},"potentialAction":[{"@type":"SearchAction","target":{"@type":"EntryPoint","urlTemplate":"https:\/\/octopia.com\/fr\/?s={search_term_string}"},"query-input":{"@type":"PropertyValueSpecification","valueRequired":true,"valueName":"search_term_string"}}],"inLanguage":"fr-FR"},{"@type":"Organization","@id":"https:\/\/octopia.com\/fr\/#organization","name":"Octopia","alternateName":"MAAS","url":"https:\/\/octopia.com\/fr\/","logo":{"@type":"ImageObject","inLanguage":"fr-FR","@id":"https:\/\/octopia.com\/fr\/#\/schema\/logo\/image\/","url":"https:\/\/octopia.com\/wp-content\/uploads\/2023\/03\/octopia-logo-dark.svg?w=1024","contentUrl":"https:\/\/octopia.com\/wp-content\/uploads\/2023\/03\/octopia-logo-dark.svg?w=1024","width":"1024","height":"1024","caption":"Octopia"},"image":{"@id":"https:\/\/octopia.com\/fr\/#\/schema\/logo\/image\/"},"sameAs":["https:\/\/www.facebook.com\/profile.php?id=100094504104573","https:\/\/www.linkedin.com\/company\/octopia-solutions\/"]}]}},"jetpack_sharing_enabled":true,"_links":{"self":[{"href":"https:\/\/octopia.com\/fr\/wp-json\/wp\/v2\/pages\/12572","targetHints":{"allow":["GET"]}}],"collection":[{"href":"https:\/\/octopia.com\/fr\/wp-json\/wp\/v2\/pages"}],"about":[{"href":"https:\/\/octopia.com\/fr\/wp-json\/wp\/v2\/types\/page"}],"author":[{"embeddable":true,"href":"https:\/\/octopia.com\/fr\/wp-json\/wp\/v2\/users\/98"}],"replies":[{"embeddable":true,"href":"https:\/\/octopia.com\/fr\/wp-json\/wp\/v2\/comments?post=12572"}],"version-history":[{"count":8,"href":"https:\/\/octopia.com\/fr\/wp-json\/wp\/v2\/pages\/12572\/revisions"}],"predecessor-version":[{"id":14213,"href":"https:\/\/octopia.com\/fr\/wp-json\/wp\/v2\/pages\/12572\/revisions\/14213"}],"up":[{"embeddable":true,"href":"https:\/\/octopia.com\/fr\/wp-json\/wp\/v2\/pages\/901"}],"wp:attachment":[{"href":"https:\/\/octopia.com\/fr\/wp-json\/wp\/v2\/media?parent=12572"}],"curies":[{"name":"wp","href":"https:\/\/api.w.org\/{rel}","templated":true}]}}