{"id":8063,"date":"2023-08-10T22:20:24","date_gmt":"2023-08-10T20:20:24","guid":{"rendered":"https:\/\/octopia.com\/?page_id=8063"},"modified":"2025-05-05T12:12:24","modified_gmt":"2025-05-05T10:12:24","slug":"dropshipping","status":"publish","type":"page","link":"https:\/\/octopia.com\/es\/dropshipping\/dropshipping\/","title":{"rendered":"Contact &#8211; Dropshipping"},"content":{"rendered":"","protected":false},"excerpt":{"rendered":"","protected":false},"author":98,"featured_media":0,"parent":2105,"menu_order":0,"comment_status":"closed","ping_status":"closed","template":"page-contact.php","meta":{"_acf_changed":false,"footnotes":""},"class_list":["post-8063","page","type-page","status-publish","hentry"],"acf":[],"yoast_head":"<!-- This site is optimized with the Yoast SEO plugin v27.2 - https:\/\/yoast.com\/product\/yoast-seo-wordpress\/ -->\n<title>Cont\u00e1ctanos - Octopia<\/title>\n<meta name=\"description\" content=\"Nuestro equipo de expertos te ayudar\u00e1 a hacer de tu proyecto de dropshipping una inversi\u00f3n rentable. \u00bfQu\u00e9 est\u00e1s esperando?\" \/>\n<meta name=\"robots\" content=\"index, follow, max-snippet:-1, max-image-preview:large, max-video-preview:-1\" \/>\n<link rel=\"canonical\" href=\"https:\/\/octopia.com\/es\/dropshipping\/dropshipping\/\" \/>\n<meta property=\"og:locale\" content=\"es_ES\" \/>\n<meta property=\"og:type\" content=\"article\" \/>\n<meta property=\"og:title\" content=\"Cont\u00e1ctanos - Octopia\" \/>\n<meta property=\"og:description\" content=\"Nuestro equipo de expertos te ayudar\u00e1 a hacer de tu proyecto de dropshipping una inversi\u00f3n rentable. \u00bfQu\u00e9 est\u00e1s esperando?\" \/>\n<meta property=\"og:url\" content=\"https:\/\/octopia.com\/es\/dropshipping\/dropshipping\/\" \/>\n<meta property=\"og:site_name\" content=\"Octopia\" \/>\n<meta property=\"article:publisher\" content=\"https:\/\/www.facebook.com\/profile.php?id=100094504104573\" \/>\n<meta property=\"article:modified_time\" content=\"2025-05-05T10:12:24+00:00\" \/>\n<meta name=\"twitter:card\" content=\"summary_large_image\" \/>\n<meta name=\"twitter:label1\" content=\"Est. reading time\" \/>\n\t<meta name=\"twitter:data1\" content=\"1 minute\" \/>\n<script type=\"application\/ld+json\" class=\"yoast-schema-graph\">{\"@context\":\"https:\/\/schema.org\",\"@graph\":[{\"@type\":\"WebPage\",\"@id\":\"https:\/\/octopia.com\/es\/dropshipping\/dropshipping\/\",\"url\":\"https:\/\/octopia.com\/es\/dropshipping\/dropshipping\/\",\"name\":\"Cont\u00e1ctanos - Octopia\",\"isPartOf\":{\"@id\":\"https:\/\/octopia.com\/es\/#website\"},\"datePublished\":\"2023-08-10T20:20:24+00:00\",\"dateModified\":\"2025-05-05T10:12:24+00:00\",\"description\":\"Nuestro equipo de expertos te ayudar\u00e1 a hacer de tu proyecto de dropshipping una inversi\u00f3n rentable. \u00bfQu\u00e9 est\u00e1s esperando?\",\"breadcrumb\":{\"@id\":\"https:\/\/octopia.com\/es\/dropshipping\/dropshipping\/#breadcrumb\"},\"inLanguage\":\"es-ES\",\"potentialAction\":[{\"@type\":\"ReadAction\",\"target\":[\"https:\/\/octopia.com\/es\/dropshipping\/dropshipping\/\"]}]},{\"@type\":\"BreadcrumbList\",\"@id\":\"https:\/\/octopia.com\/es\/dropshipping\/dropshipping\/#breadcrumb\",\"itemListElement\":[{\"@type\":\"ListItem\",\"position\":1,\"name\":\"Hacer dropshipping\",\"item\":\"https:\/\/octopia.com\/es\/dropshipping\/\"},{\"@type\":\"ListItem\",\"position\":2,\"name\":\"Contact &#8211; Dropshipping\"}]},{\"@type\":\"WebSite\",\"@id\":\"https:\/\/octopia.com\/es\/#website\",\"url\":\"https:\/\/octopia.com\/es\/\",\"name\":\"Octopia\",\"description\":\"R\u00e9duisez vos co\u00fbts logistiques jusqu&#039;\u00e0 50% et d\u00e9veloppez facilement votre activit\u00e9 avec le service logistique e-commerce Octopia Fulfillment.\",\"publisher\":{\"@id\":\"https:\/\/octopia.com\/es\/#organization\"},\"potentialAction\":[{\"@type\":\"SearchAction\",\"target\":{\"@type\":\"EntryPoint\",\"urlTemplate\":\"https:\/\/octopia.com\/es\/?s={search_term_string}\"},\"query-input\":{\"@type\":\"PropertyValueSpecification\",\"valueRequired\":true,\"valueName\":\"search_term_string\"}}],\"inLanguage\":\"es-ES\"},{\"@type\":\"Organization\",\"@id\":\"https:\/\/octopia.com\/es\/#organization\",\"name\":\"Octopia\",\"alternateName\":\"MAAS\",\"url\":\"https:\/\/octopia.com\/es\/\",\"logo\":{\"@type\":\"ImageObject\",\"inLanguage\":\"es-ES\",\"@id\":\"https:\/\/octopia.com\/es\/#\/schema\/logo\/image\/\",\"url\":\"https:\/\/octopia.com\/wp-content\/uploads\/2023\/03\/octopia-logo-dark.svg?w=1024\",\"contentUrl\":\"https:\/\/octopia.com\/wp-content\/uploads\/2023\/03\/octopia-logo-dark.svg?w=1024\",\"width\":\"1024\",\"height\":\"1024\",\"caption\":\"Octopia\"},\"image\":{\"@id\":\"https:\/\/octopia.com\/es\/#\/schema\/logo\/image\/\"},\"sameAs\":[\"https:\/\/www.facebook.com\/profile.php?id=100094504104573\",\"https:\/\/www.linkedin.com\/company\/octopia-solutions\/\"]}]}<\/script>\n<!-- \/ Yoast SEO plugin. -->","yoast_head_json":{"title":"Cont\u00e1ctanos - Octopia","description":"Nuestro equipo de expertos te ayudar\u00e1 a hacer de tu proyecto de dropshipping una inversi\u00f3n rentable. \u00bfQu\u00e9 est\u00e1s esperando?","robots":{"index":"index","follow":"follow","max-snippet":"max-snippet:-1","max-image-preview":"max-image-preview:large","max-video-preview":"max-video-preview:-1"},"canonical":"https:\/\/octopia.com\/es\/dropshipping\/dropshipping\/","og_locale":"es_ES","og_type":"article","og_title":"Cont\u00e1ctanos - Octopia","og_description":"Nuestro equipo de expertos te ayudar\u00e1 a hacer de tu proyecto de dropshipping una inversi\u00f3n rentable. \u00bfQu\u00e9 est\u00e1s esperando?","og_url":"https:\/\/octopia.com\/es\/dropshipping\/dropshipping\/","og_site_name":"Octopia","article_publisher":"https:\/\/www.facebook.com\/profile.php?id=100094504104573","article_modified_time":"2025-05-05T10:12:24+00:00","twitter_card":"summary_large_image","twitter_misc":{"Est. reading time":"1 minute"},"schema":{"@context":"https:\/\/schema.org","@graph":[{"@type":"WebPage","@id":"https:\/\/octopia.com\/es\/dropshipping\/dropshipping\/","url":"https:\/\/octopia.com\/es\/dropshipping\/dropshipping\/","name":"Cont\u00e1ctanos - Octopia","isPartOf":{"@id":"https:\/\/octopia.com\/es\/#website"},"datePublished":"2023-08-10T20:20:24+00:00","dateModified":"2025-05-05T10:12:24+00:00","description":"Nuestro equipo de expertos te ayudar\u00e1 a hacer de tu proyecto de dropshipping una inversi\u00f3n rentable. \u00bfQu\u00e9 est\u00e1s esperando?","breadcrumb":{"@id":"https:\/\/octopia.com\/es\/dropshipping\/dropshipping\/#breadcrumb"},"inLanguage":"es-ES","potentialAction":[{"@type":"ReadAction","target":["https:\/\/octopia.com\/es\/dropshipping\/dropshipping\/"]}]},{"@type":"BreadcrumbList","@id":"https:\/\/octopia.com\/es\/dropshipping\/dropshipping\/#breadcrumb","itemListElement":[{"@type":"ListItem","position":1,"name":"Hacer dropshipping","item":"https:\/\/octopia.com\/es\/dropshipping\/"},{"@type":"ListItem","position":2,"name":"Contact &#8211; Dropshipping"}]},{"@type":"WebSite","@id":"https:\/\/octopia.com\/es\/#website","url":"https:\/\/octopia.com\/es\/","name":"Octopia","description":"R\u00e9duisez vos co\u00fbts logistiques jusqu&#039;\u00e0 50% et d\u00e9veloppez facilement votre activit\u00e9 avec le service logistique e-commerce Octopia Fulfillment.","publisher":{"@id":"https:\/\/octopia.com\/es\/#organization"},"potentialAction":[{"@type":"SearchAction","target":{"@type":"EntryPoint","urlTemplate":"https:\/\/octopia.com\/es\/?s={search_term_string}"},"query-input":{"@type":"PropertyValueSpecification","valueRequired":true,"valueName":"search_term_string"}}],"inLanguage":"es-ES"},{"@type":"Organization","@id":"https:\/\/octopia.com\/es\/#organization","name":"Octopia","alternateName":"MAAS","url":"https:\/\/octopia.com\/es\/","logo":{"@type":"ImageObject","inLanguage":"es-ES","@id":"https:\/\/octopia.com\/es\/#\/schema\/logo\/image\/","url":"https:\/\/octopia.com\/wp-content\/uploads\/2023\/03\/octopia-logo-dark.svg?w=1024","contentUrl":"https:\/\/octopia.com\/wp-content\/uploads\/2023\/03\/octopia-logo-dark.svg?w=1024","width":"1024","height":"1024","caption":"Octopia"},"image":{"@id":"https:\/\/octopia.com\/es\/#\/schema\/logo\/image\/"},"sameAs":["https:\/\/www.facebook.com\/profile.php?id=100094504104573","https:\/\/www.linkedin.com\/company\/octopia-solutions\/"]}]}},"jetpack_sharing_enabled":true,"_links":{"self":[{"href":"https:\/\/octopia.com\/es\/wp-json\/wp\/v2\/pages\/8063","targetHints":{"allow":["GET"]}}],"collection":[{"href":"https:\/\/octopia.com\/es\/wp-json\/wp\/v2\/pages"}],"about":[{"href":"https:\/\/octopia.com\/es\/wp-json\/wp\/v2\/types\/page"}],"author":[{"embeddable":true,"href":"https:\/\/octopia.com\/es\/wp-json\/wp\/v2\/users\/98"}],"replies":[{"embeddable":true,"href":"https:\/\/octopia.com\/es\/wp-json\/wp\/v2\/comments?post=8063"}],"version-history":[{"count":9,"href":"https:\/\/octopia.com\/es\/wp-json\/wp\/v2\/pages\/8063\/revisions"}],"predecessor-version":[{"id":12055,"href":"https:\/\/octopia.com\/es\/wp-json\/wp\/v2\/pages\/8063\/revisions\/12055"}],"up":[{"embeddable":true,"href":"https:\/\/octopia.com\/es\/wp-json\/wp\/v2\/pages\/2105"}],"wp:attachment":[{"href":"https:\/\/octopia.com\/es\/wp-json\/wp\/v2\/media?parent=8063"}],"curies":[{"name":"wp","href":"https:\/\/api.w.org\/{rel}","templated":true}]}}