{"id":2105,"date":"2023-04-26T15:59:03","date_gmt":"2023-04-26T13:59:03","guid":{"rendered":"https:\/\/octopia.com\/?page_id=2105"},"modified":"2025-05-05T14:06:11","modified_gmt":"2025-05-05T12:06:11","slug":"dropshipping","status":"publish","type":"page","link":"https:\/\/octopia.com\/es\/dropshipping\/","title":{"rendered":"Hacer dropshipping"},"content":{"rendered":"","protected":false},"excerpt":{"rendered":"","protected":false},"author":79,"featured_media":8156,"parent":0,"menu_order":0,"comment_status":"closed","ping_status":"closed","template":"page-solution.php","meta":{"_acf_changed":false,"footnotes":""},"class_list":["post-2105","page","type-page","status-publish","has-post-thumbnail","hentry"],"acf":[],"yoast_head":"<!-- This site is optimized with the Yoast SEO plugin v27.2 - https:\/\/yoast.com\/product\/yoast-seo-wordpress\/ -->\n<title>Hacer dropshipping - Octopia<\/title>\n<meta name=\"robots\" content=\"index, follow, max-snippet:-1, max-image-preview:large, max-video-preview:-1\" \/>\n<link rel=\"canonical\" href=\"https:\/\/octopia.com\/es\/dropshipping\/\" \/>\n<meta property=\"og:locale\" content=\"es_ES\" \/>\n<meta property=\"og:type\" content=\"article\" \/>\n<meta property=\"og:title\" content=\"Hacer dropshipping - Octopia\" \/>\n<meta property=\"og:url\" content=\"https:\/\/octopia.com\/es\/dropshipping\/\" \/>\n<meta property=\"og:site_name\" content=\"Octopia\" \/>\n<meta property=\"article:publisher\" content=\"https:\/\/www.facebook.com\/profile.php?id=100094504104573\" \/>\n<meta property=\"article:modified_time\" content=\"2025-05-05T12:06:11+00:00\" \/>\n<meta property=\"og:image\" content=\"https:\/\/octopia.com\/wp-content\/uploads\/2023\/08\/Hacer-Dropshipping-Octopia.png\" \/>\n\t<meta property=\"og:image:width\" content=\"1200\" \/>\n\t<meta property=\"og:image:height\" content=\"800\" \/>\n\t<meta property=\"og:image:type\" content=\"image\/png\" \/>\n<meta name=\"twitter:card\" content=\"summary_large_image\" \/>\n<meta name=\"twitter:label1\" content=\"Est. reading time\" \/>\n\t<meta name=\"twitter:data1\" content=\"6 minutes\" \/>\n<script type=\"application\/ld+json\" class=\"yoast-schema-graph\">{\"@context\":\"https:\/\/schema.org\",\"@graph\":[{\"@type\":\"WebPage\",\"@id\":\"https:\/\/octopia.com\/es\/dropshipping\/\",\"url\":\"https:\/\/octopia.com\/es\/dropshipping\/\",\"name\":\"Hacer dropshipping - Octopia\",\"isPartOf\":{\"@id\":\"https:\/\/octopia.com\/es\/#website\"},\"primaryImageOfPage\":{\"@id\":\"https:\/\/octopia.com\/es\/dropshipping\/#primaryimage\"},\"image\":{\"@id\":\"https:\/\/octopia.com\/es\/dropshipping\/#primaryimage\"},\"thumbnailUrl\":\"https:\/\/octopia.com\/wp-content\/uploads\/2023\/08\/Hacer-Dropshipping-Octopia.png\",\"datePublished\":\"2023-04-26T13:59:03+00:00\",\"dateModified\":\"2025-05-05T12:06:11+00:00\",\"inLanguage\":\"es-ES\",\"potentialAction\":[{\"@type\":\"ReadAction\",\"target\":[\"https:\/\/octopia.com\/es\/dropshipping\/\"]}]},{\"@type\":\"ImageObject\",\"inLanguage\":\"es-ES\",\"@id\":\"https:\/\/octopia.com\/es\/dropshipping\/#primaryimage\",\"url\":\"https:\/\/octopia.com\/wp-content\/uploads\/2023\/08\/Hacer-Dropshipping-Octopia.png\",\"contentUrl\":\"https:\/\/octopia.com\/wp-content\/uploads\/2023\/08\/Hacer-Dropshipping-Octopia.png\",\"width\":1200,\"height\":800,\"caption\":\"dropshipping proveedor\"},{\"@type\":\"WebSite\",\"@id\":\"https:\/\/octopia.com\/es\/#website\",\"url\":\"https:\/\/octopia.com\/es\/\",\"name\":\"Octopia\",\"description\":\"R\u00e9duisez vos co\u00fbts logistiques jusqu&#039;\u00e0 50% et d\u00e9veloppez facilement votre activit\u00e9 avec le service logistique e-commerce Octopia Fulfillment.\",\"publisher\":{\"@id\":\"https:\/\/octopia.com\/es\/#organization\"},\"potentialAction\":[{\"@type\":\"SearchAction\",\"target\":{\"@type\":\"EntryPoint\",\"urlTemplate\":\"https:\/\/octopia.com\/es\/?s={search_term_string}\"},\"query-input\":{\"@type\":\"PropertyValueSpecification\",\"valueRequired\":true,\"valueName\":\"search_term_string\"}}],\"inLanguage\":\"es-ES\"},{\"@type\":\"Organization\",\"@id\":\"https:\/\/octopia.com\/es\/#organization\",\"name\":\"Octopia\",\"alternateName\":\"MAAS\",\"url\":\"https:\/\/octopia.com\/es\/\",\"logo\":{\"@type\":\"ImageObject\",\"inLanguage\":\"es-ES\",\"@id\":\"https:\/\/octopia.com\/es\/#\/schema\/logo\/image\/\",\"url\":\"https:\/\/octopia.com\/wp-content\/uploads\/2023\/03\/octopia-logo-dark.svg?w=1024\",\"contentUrl\":\"https:\/\/octopia.com\/wp-content\/uploads\/2023\/03\/octopia-logo-dark.svg?w=1024\",\"width\":\"1024\",\"height\":\"1024\",\"caption\":\"Octopia\"},\"image\":{\"@id\":\"https:\/\/octopia.com\/es\/#\/schema\/logo\/image\/\"},\"sameAs\":[\"https:\/\/www.facebook.com\/profile.php?id=100094504104573\",\"https:\/\/www.linkedin.com\/company\/octopia-solutions\/\"]}]}<\/script>\n<!-- \/ Yoast SEO plugin. -->","yoast_head_json":{"title":"Hacer dropshipping - Octopia","robots":{"index":"index","follow":"follow","max-snippet":"max-snippet:-1","max-image-preview":"max-image-preview:large","max-video-preview":"max-video-preview:-1"},"canonical":"https:\/\/octopia.com\/es\/dropshipping\/","og_locale":"es_ES","og_type":"article","og_title":"Hacer dropshipping - Octopia","og_url":"https:\/\/octopia.com\/es\/dropshipping\/","og_site_name":"Octopia","article_publisher":"https:\/\/www.facebook.com\/profile.php?id=100094504104573","article_modified_time":"2025-05-05T12:06:11+00:00","og_image":[{"width":1200,"height":800,"url":"https:\/\/octopia.com\/wp-content\/uploads\/2023\/08\/Hacer-Dropshipping-Octopia.png","type":"image\/png"}],"twitter_card":"summary_large_image","twitter_misc":{"Est. reading time":"6 minutes"},"schema":{"@context":"https:\/\/schema.org","@graph":[{"@type":"WebPage","@id":"https:\/\/octopia.com\/es\/dropshipping\/","url":"https:\/\/octopia.com\/es\/dropshipping\/","name":"Hacer dropshipping - Octopia","isPartOf":{"@id":"https:\/\/octopia.com\/es\/#website"},"primaryImageOfPage":{"@id":"https:\/\/octopia.com\/es\/dropshipping\/#primaryimage"},"image":{"@id":"https:\/\/octopia.com\/es\/dropshipping\/#primaryimage"},"thumbnailUrl":"https:\/\/octopia.com\/wp-content\/uploads\/2023\/08\/Hacer-Dropshipping-Octopia.png","datePublished":"2023-04-26T13:59:03+00:00","dateModified":"2025-05-05T12:06:11+00:00","inLanguage":"es-ES","potentialAction":[{"@type":"ReadAction","target":["https:\/\/octopia.com\/es\/dropshipping\/"]}]},{"@type":"ImageObject","inLanguage":"es-ES","@id":"https:\/\/octopia.com\/es\/dropshipping\/#primaryimage","url":"https:\/\/octopia.com\/wp-content\/uploads\/2023\/08\/Hacer-Dropshipping-Octopia.png","contentUrl":"https:\/\/octopia.com\/wp-content\/uploads\/2023\/08\/Hacer-Dropshipping-Octopia.png","width":1200,"height":800,"caption":"dropshipping proveedor"},{"@type":"WebSite","@id":"https:\/\/octopia.com\/es\/#website","url":"https:\/\/octopia.com\/es\/","name":"Octopia","description":"R\u00e9duisez vos co\u00fbts logistiques jusqu&#039;\u00e0 50% et d\u00e9veloppez facilement votre activit\u00e9 avec le service logistique e-commerce Octopia Fulfillment.","publisher":{"@id":"https:\/\/octopia.com\/es\/#organization"},"potentialAction":[{"@type":"SearchAction","target":{"@type":"EntryPoint","urlTemplate":"https:\/\/octopia.com\/es\/?s={search_term_string}"},"query-input":{"@type":"PropertyValueSpecification","valueRequired":true,"valueName":"search_term_string"}}],"inLanguage":"es-ES"},{"@type":"Organization","@id":"https:\/\/octopia.com\/es\/#organization","name":"Octopia","alternateName":"MAAS","url":"https:\/\/octopia.com\/es\/","logo":{"@type":"ImageObject","inLanguage":"es-ES","@id":"https:\/\/octopia.com\/es\/#\/schema\/logo\/image\/","url":"https:\/\/octopia.com\/wp-content\/uploads\/2023\/03\/octopia-logo-dark.svg?w=1024","contentUrl":"https:\/\/octopia.com\/wp-content\/uploads\/2023\/03\/octopia-logo-dark.svg?w=1024","width":"1024","height":"1024","caption":"Octopia"},"image":{"@id":"https:\/\/octopia.com\/es\/#\/schema\/logo\/image\/"},"sameAs":["https:\/\/www.facebook.com\/profile.php?id=100094504104573","https:\/\/www.linkedin.com\/company\/octopia-solutions\/"]}]}},"jetpack_sharing_enabled":true,"_links":{"self":[{"href":"https:\/\/octopia.com\/es\/wp-json\/wp\/v2\/pages\/2105","targetHints":{"allow":["GET"]}}],"collection":[{"href":"https:\/\/octopia.com\/es\/wp-json\/wp\/v2\/pages"}],"about":[{"href":"https:\/\/octopia.com\/es\/wp-json\/wp\/v2\/types\/page"}],"author":[{"embeddable":true,"href":"https:\/\/octopia.com\/es\/wp-json\/wp\/v2\/users\/79"}],"replies":[{"embeddable":true,"href":"https:\/\/octopia.com\/es\/wp-json\/wp\/v2\/comments?post=2105"}],"version-history":[{"count":31,"href":"https:\/\/octopia.com\/es\/wp-json\/wp\/v2\/pages\/2105\/revisions"}],"predecessor-version":[{"id":12057,"href":"https:\/\/octopia.com\/es\/wp-json\/wp\/v2\/pages\/2105\/revisions\/12057"}],"wp:featuredmedia":[{"embeddable":true,"href":"https:\/\/octopia.com\/es\/wp-json\/wp\/v2\/media\/8156"}],"wp:attachment":[{"href":"https:\/\/octopia.com\/es\/wp-json\/wp\/v2\/media?parent=2105"}],"curies":[{"name":"wp","href":"https:\/\/api.w.org\/{rel}","templated":true}]}}