{"id":12935,"date":"2025-12-15T17:44:03","date_gmt":"2025-12-15T16:44:03","guid":{"rendered":"https:\/\/octopia.com\/?page_id=12935"},"modified":"2026-03-16T11:01:23","modified_gmt":"2026-03-16T10:01:23","slug":"contact-oclogistics","status":"publish","type":"page","link":"https:\/\/octopia.com\/es\/fulfillment\/contact-oclogistics\/","title":{"rendered":"Contactarnos &#8211; Octopia Logistics"},"content":{"rendered":"","protected":false},"excerpt":{"rendered":"","protected":false},"author":98,"featured_media":0,"parent":2651,"menu_order":0,"comment_status":"closed","ping_status":"closed","template":"page-contact.php","meta":{"_acf_changed":false,"footnotes":""},"class_list":["post-12935","page","type-page","status-publish","hentry"],"acf":[],"yoast_head":"<!-- This site is optimized with the Yoast SEO plugin v27.2 - https:\/\/yoast.com\/product\/yoast-seo-wordpress\/ -->\n<title>Soluciones log\u00edsticas dise\u00f1adas para retailers de gran volumen<\/title>\n<meta name=\"description\" content=\"Analicemos conjuntamente la implantaci\u00f3n de una soluci\u00f3n log\u00edstica fiable, escalable y alineada con sus vol\u00famenes operativos.\" \/>\n<meta name=\"robots\" content=\"index, follow, max-snippet:-1, max-image-preview:large, max-video-preview:-1\" \/>\n<link rel=\"canonical\" href=\"https:\/\/octopia.com\/es\/fulfillment\/contact-oclogistics\/\" \/>\n<meta property=\"og:locale\" content=\"es_ES\" \/>\n<meta property=\"og:type\" content=\"article\" \/>\n<meta property=\"og:title\" content=\"Soluciones log\u00edsticas dise\u00f1adas para retailers de gran volumen\" \/>\n<meta property=\"og:description\" content=\"Analicemos conjuntamente la implantaci\u00f3n de una soluci\u00f3n log\u00edstica fiable, escalable y alineada con sus vol\u00famenes operativos.\" \/>\n<meta property=\"og:url\" content=\"https:\/\/octopia.com\/es\/fulfillment\/contact-oclogistics\/\" \/>\n<meta property=\"og:site_name\" content=\"Octopia\" \/>\n<meta property=\"article:publisher\" content=\"https:\/\/www.facebook.com\/profile.php?id=100094504104573\" \/>\n<meta property=\"article:modified_time\" content=\"2026-03-16T10:01:23+00:00\" \/>\n<meta name=\"twitter:card\" content=\"summary_large_image\" \/>\n<meta name=\"twitter:label1\" content=\"Est. reading time\" \/>\n\t<meta name=\"twitter:data1\" content=\"1 minute\" \/>\n<script type=\"application\/ld+json\" class=\"yoast-schema-graph\">{\"@context\":\"https:\/\/schema.org\",\"@graph\":[{\"@type\":\"WebPage\",\"@id\":\"https:\/\/octopia.com\/es\/fulfillment\/contact-oclogistics\/\",\"url\":\"https:\/\/octopia.com\/es\/fulfillment\/contact-oclogistics\/\",\"name\":\"Soluciones log\u00edsticas dise\u00f1adas para retailers de gran volumen\",\"isPartOf\":{\"@id\":\"https:\/\/octopia.com\/es\/#website\"},\"datePublished\":\"2025-12-15T16:44:03+00:00\",\"dateModified\":\"2026-03-16T10:01:23+00:00\",\"description\":\"Analicemos conjuntamente la implantaci\u00f3n de una soluci\u00f3n log\u00edstica fiable, escalable y alineada con sus vol\u00famenes operativos.\",\"breadcrumb\":{\"@id\":\"https:\/\/octopia.com\/es\/fulfillment\/contact-oclogistics\/#breadcrumb\"},\"inLanguage\":\"es-ES\",\"potentialAction\":[{\"@type\":\"ReadAction\",\"target\":[\"https:\/\/octopia.com\/es\/fulfillment\/contact-oclogistics\/\"]}]},{\"@type\":\"BreadcrumbList\",\"@id\":\"https:\/\/octopia.com\/es\/fulfillment\/contact-oclogistics\/#breadcrumb\",\"itemListElement\":[{\"@type\":\"ListItem\",\"position\":1,\"name\":\"Almacenar y enviar\",\"item\":\"https:\/\/octopia.com\/es\/fulfillment\/\"},{\"@type\":\"ListItem\",\"position\":2,\"name\":\"Contactarnos &#8211; Octopia Logistics\"}]},{\"@type\":\"WebSite\",\"@id\":\"https:\/\/octopia.com\/es\/#website\",\"url\":\"https:\/\/octopia.com\/es\/\",\"name\":\"Octopia\",\"description\":\"R\u00e9duisez vos co\u00fbts logistiques jusqu&#039;\u00e0 50% et d\u00e9veloppez facilement votre activit\u00e9 avec le service logistique e-commerce Octopia Fulfillment.\",\"publisher\":{\"@id\":\"https:\/\/octopia.com\/es\/#organization\"},\"potentialAction\":[{\"@type\":\"SearchAction\",\"target\":{\"@type\":\"EntryPoint\",\"urlTemplate\":\"https:\/\/octopia.com\/es\/?s={search_term_string}\"},\"query-input\":{\"@type\":\"PropertyValueSpecification\",\"valueRequired\":true,\"valueName\":\"search_term_string\"}}],\"inLanguage\":\"es-ES\"},{\"@type\":\"Organization\",\"@id\":\"https:\/\/octopia.com\/es\/#organization\",\"name\":\"Octopia\",\"alternateName\":\"MAAS\",\"url\":\"https:\/\/octopia.com\/es\/\",\"logo\":{\"@type\":\"ImageObject\",\"inLanguage\":\"es-ES\",\"@id\":\"https:\/\/octopia.com\/es\/#\/schema\/logo\/image\/\",\"url\":\"https:\/\/octopia.com\/wp-content\/uploads\/2023\/03\/octopia-logo-dark.svg?w=1024\",\"contentUrl\":\"https:\/\/octopia.com\/wp-content\/uploads\/2023\/03\/octopia-logo-dark.svg?w=1024\",\"width\":\"1024\",\"height\":\"1024\",\"caption\":\"Octopia\"},\"image\":{\"@id\":\"https:\/\/octopia.com\/es\/#\/schema\/logo\/image\/\"},\"sameAs\":[\"https:\/\/www.facebook.com\/profile.php?id=100094504104573\",\"https:\/\/www.linkedin.com\/company\/octopia-solutions\/\"]}]}<\/script>\n<!-- \/ Yoast SEO plugin. -->","yoast_head_json":{"title":"Soluciones log\u00edsticas dise\u00f1adas para retailers de gran volumen","description":"Analicemos conjuntamente la implantaci\u00f3n de una soluci\u00f3n log\u00edstica fiable, escalable y alineada con sus vol\u00famenes operativos.","robots":{"index":"index","follow":"follow","max-snippet":"max-snippet:-1","max-image-preview":"max-image-preview:large","max-video-preview":"max-video-preview:-1"},"canonical":"https:\/\/octopia.com\/es\/fulfillment\/contact-oclogistics\/","og_locale":"es_ES","og_type":"article","og_title":"Soluciones log\u00edsticas dise\u00f1adas para retailers de gran volumen","og_description":"Analicemos conjuntamente la implantaci\u00f3n de una soluci\u00f3n log\u00edstica fiable, escalable y alineada con sus vol\u00famenes operativos.","og_url":"https:\/\/octopia.com\/es\/fulfillment\/contact-oclogistics\/","og_site_name":"Octopia","article_publisher":"https:\/\/www.facebook.com\/profile.php?id=100094504104573","article_modified_time":"2026-03-16T10:01:23+00:00","twitter_card":"summary_large_image","twitter_misc":{"Est. reading time":"1 minute"},"schema":{"@context":"https:\/\/schema.org","@graph":[{"@type":"WebPage","@id":"https:\/\/octopia.com\/es\/fulfillment\/contact-oclogistics\/","url":"https:\/\/octopia.com\/es\/fulfillment\/contact-oclogistics\/","name":"Soluciones log\u00edsticas dise\u00f1adas para retailers de gran volumen","isPartOf":{"@id":"https:\/\/octopia.com\/es\/#website"},"datePublished":"2025-12-15T16:44:03+00:00","dateModified":"2026-03-16T10:01:23+00:00","description":"Analicemos conjuntamente la implantaci\u00f3n de una soluci\u00f3n log\u00edstica fiable, escalable y alineada con sus vol\u00famenes operativos.","breadcrumb":{"@id":"https:\/\/octopia.com\/es\/fulfillment\/contact-oclogistics\/#breadcrumb"},"inLanguage":"es-ES","potentialAction":[{"@type":"ReadAction","target":["https:\/\/octopia.com\/es\/fulfillment\/contact-oclogistics\/"]}]},{"@type":"BreadcrumbList","@id":"https:\/\/octopia.com\/es\/fulfillment\/contact-oclogistics\/#breadcrumb","itemListElement":[{"@type":"ListItem","position":1,"name":"Almacenar y enviar","item":"https:\/\/octopia.com\/es\/fulfillment\/"},{"@type":"ListItem","position":2,"name":"Contactarnos &#8211; Octopia Logistics"}]},{"@type":"WebSite","@id":"https:\/\/octopia.com\/es\/#website","url":"https:\/\/octopia.com\/es\/","name":"Octopia","description":"R\u00e9duisez vos co\u00fbts logistiques jusqu&#039;\u00e0 50% et d\u00e9veloppez facilement votre activit\u00e9 avec le service logistique e-commerce Octopia Fulfillment.","publisher":{"@id":"https:\/\/octopia.com\/es\/#organization"},"potentialAction":[{"@type":"SearchAction","target":{"@type":"EntryPoint","urlTemplate":"https:\/\/octopia.com\/es\/?s={search_term_string}"},"query-input":{"@type":"PropertyValueSpecification","valueRequired":true,"valueName":"search_term_string"}}],"inLanguage":"es-ES"},{"@type":"Organization","@id":"https:\/\/octopia.com\/es\/#organization","name":"Octopia","alternateName":"MAAS","url":"https:\/\/octopia.com\/es\/","logo":{"@type":"ImageObject","inLanguage":"es-ES","@id":"https:\/\/octopia.com\/es\/#\/schema\/logo\/image\/","url":"https:\/\/octopia.com\/wp-content\/uploads\/2023\/03\/octopia-logo-dark.svg?w=1024","contentUrl":"https:\/\/octopia.com\/wp-content\/uploads\/2023\/03\/octopia-logo-dark.svg?w=1024","width":"1024","height":"1024","caption":"Octopia"},"image":{"@id":"https:\/\/octopia.com\/es\/#\/schema\/logo\/image\/"},"sameAs":["https:\/\/www.facebook.com\/profile.php?id=100094504104573","https:\/\/www.linkedin.com\/company\/octopia-solutions\/"]}]}},"jetpack_sharing_enabled":true,"_links":{"self":[{"href":"https:\/\/octopia.com\/es\/wp-json\/wp\/v2\/pages\/12935","targetHints":{"allow":["GET"]}}],"collection":[{"href":"https:\/\/octopia.com\/es\/wp-json\/wp\/v2\/pages"}],"about":[{"href":"https:\/\/octopia.com\/es\/wp-json\/wp\/v2\/types\/page"}],"author":[{"embeddable":true,"href":"https:\/\/octopia.com\/es\/wp-json\/wp\/v2\/users\/98"}],"replies":[{"embeddable":true,"href":"https:\/\/octopia.com\/es\/wp-json\/wp\/v2\/comments?post=12935"}],"version-history":[{"count":3,"href":"https:\/\/octopia.com\/es\/wp-json\/wp\/v2\/pages\/12935\/revisions"}],"predecessor-version":[{"id":13330,"href":"https:\/\/octopia.com\/es\/wp-json\/wp\/v2\/pages\/12935\/revisions\/13330"}],"up":[{"embeddable":true,"href":"https:\/\/octopia.com\/es\/wp-json\/wp\/v2\/pages\/2651"}],"wp:attachment":[{"href":"https:\/\/octopia.com\/es\/wp-json\/wp\/v2\/media?parent=12935"}],"curies":[{"name":"wp","href":"https:\/\/api.w.org\/{rel}","templated":true}]}}